{"id":9346,"date":"2014-03-27T09:58:50","date_gmt":"2014-03-27T07:58:50","guid":{"rendered":"https:\/\/veraclinicpoliklinigi.com\/home\/"},"modified":"2025-10-27T11:22:07","modified_gmt":"2025-10-27T08:22:07","slug":"home","status":"publish","type":"page","link":"https:\/\/veraclinicpoliklinigi.com\/fr\/","title":{"rendered":"Page d&rsquo;accueil"},"content":{"rendered":"<section class=\"wpb-content-wrapper\"><p>[vc_row full_width=\u00a0\u00bbstretch_row\u00a0\u00bb full_height=\u00a0\u00bbyes\u00a0\u00bb columns_placement=\u00a0\u00bbtop\u00a0\u00bb background_image=\u00a0\u00bb9567&Prime;][vc_column lg_spacing=\u00a0\u00bbpadding_top:30&Prime;][\/vc_column][\/vc_row][vc_row lg_spacing=\u00a0\u00bbpadding_top:80;padding_bottom:30&Prime;][vc_column lg_spacing=\u00a0\u00bbpadding_top:30&Prime;][tm_heading tag=\u00a0\u00bbdiv\u00a0\u00bb custom_google_font=\u00a0\u00bb\u00a0\u00bb google_fonts=\u00a0\u00bbfont_family:Poppins%3A300%2Cregular%2C500%2C600%2C700|font_style:500%20medium%20regular%3A500%3Anormal\u00a0\u00bb align=\u00a0\u00bbcenter\u00a0\u00bb animation=\u00a0\u00bbnone\u00a0\u00bb text=\u00a0\u00bbPOLYCLINIQUE VERACLINIQUE PRIV\u00c9E, nous pratiquons la transplantation capillaire, les traitements dentaires et les traitements de chirurgie esth\u00e9tique dans notre clinique d&rsquo;Istanbul pour des patients \u00e9trangers originaires de plus de 40 pays.<br \/>\nNous fournissons \u00e9galement des services tels que le transfert depuis l&rsquo;a\u00e9roport, l&rsquo;h\u00e9bergement \u00e0 l&rsquo;h\u00f4tel et les traitements n\u00e9cessaires \u00e0 nos patients \u00e9trangers par l&rsquo;interm\u00e9diaire de nos interpr\u00e8tes qui parlent anglais, arabe, allemand, espagnol, fran\u00e7ais, italien, portugais et russe.\u00a0\u00bb font_size=\u00a0\u00bblg:17&Prime;][vc_btn title=\u00a0\u00bbNOS SERVICES\u00a0\u00bb style=\u00a0\u00bboutline\u00a0\u00bb color=\u00a0\u00bbsky\u00a0\u00bb align=\u00a0\u00bbcenter\u00a0\u00bb i_align=\u00a0\u00bbright\u00a0\u00bb i_icon_fontawesome=\u00a0\u00bbfas fa-headset\u00a0\u00bb add_icon=\u00a0\u00bbtrue\u00a0\u00bb css=\u00a0\u00bb.vc_custom_1712234425267{padding-top: 30px !important;}\u00a0\u00bb link=\u00a0\u00bburl:https%3A%2F%2Fveraclinicpoliklinigi.com%2Ffr%2Fcommunication%2F|title:%C4%B0leti%C5%9Fime%20Ge%C3%A7in\u00a0\u00bb][\/vc_column][\/vc_row][vc_row][vc_column][vc_separator css=\u00a0\u00bb.vc_custom_1565093775523{padding-top: 10px !important;}\u00a0\u00bb][tm_spacer size=\u00a0\u00bblg:40&Prime;][tm_heading style=\u00a0\u00bbwith-separator-2&Prime; tag=\u00a0\u00bbh2&Prime; custom_google_font=\u00a0\u00bb\u00a0\u00bb align=\u00a0\u00bbcenter\u00a0\u00bb animation=\u00a0\u00bbnone\u00a0\u00bb text=\u00a0\u00bbGALERIE\u00a0\u00bb css=\u00a0\u00bb.vc_custom_1712240105544{padding-bottom: 20px !important;}\u00a0\u00bb][tm_spacer size=\u00a0\u00bblg:20&Prime;][tm_image image=\u00a0\u00bb9541&Prime;][\/vc_column][\/vc_row][vc_row][vc_column][vc_separator css=\u00a0\u00bb.vc_custom_1565093775523{padding-top: 10px !important;}\u00a0\u00bb][tm_spacer size=\u00a0\u00bblg:40&Prime;][tm_heading style=\u00a0\u00bbwith-separator-2&Prime; tag=\u00a0\u00bbh2&Prime; custom_google_font=\u00a0\u00bb\u00a0\u00bb align=\u00a0\u00bbcenter\u00a0\u00bb animation=\u00a0\u00bbnone\u00a0\u00bb text=\u00a0\u00bbNOS SERVICES\u00a0\u00bb css=\u00a0\u00bb.vc_custom_1685373250747{padding-bottom: 20px !important;}\u00a0\u00bb][tm_spacer size=\u00a0\u00bblg:20&Prime;][\/vc_column][\/vc_row][vc_row full_width=\u00a0\u00bbstretch_row\u00a0\u00bb background_color=\u00a0\u00bbcustom\u00a0\u00bb lg_spacing=\u00a0\u00bbpadding_top:115;padding_right:100;padding_bottom:115;padding_left:100&Prime; md_spacing=\u00a0\u00bbpadding_right:70;padding_left:70&Prime; sm_spacing=\u00a0\u00bbpadding_right:50;padding_left:50&Prime; xs_spacing=\u00a0\u00bbpadding_right:0;padding_left:0&Prime; custom_background_color=\u00a0\u00bb#ebf5f5&Prime;][vc_column][vc_row_inner][vc_column_inner width=\u00a0\u00bb1\/3&Prime;][tm_box_icon style=\u00a0\u00bb6&Prime; align=\u00a0\u00bbcenter\u00a0\u00bb background_color=\u00a0\u00bbcustom\u00a0\u00bb image=\u00a0\u00bb8654&Prime; heading=\u00a0\u00bbGreffe de cheveux\u00a0\u00bb link=\u00a0\u00bburl:https%3A%2F%2Fveraclinicpoliklinigi.com%2Ffr%2Fgreffe-de-cheveux%2F|title:Greffe%20de%20cheveux\u00a0\u00bb custom_background_color=\u00a0\u00bb#223645&Prime;][\/vc_column_inner][vc_column_inner width=\u00a0\u00bb1\/3&Prime;][tm_box_icon style=\u00a0\u00bb6&Prime; align=\u00a0\u00bbcenter\u00a0\u00bb background_color=\u00a0\u00bbcustom\u00a0\u00bb image=\u00a0\u00bb8655&Prime; heading=\u00a0\u00bbEsth\u00e9tique Dentaire\u00a0\u00bb link=\u00a0\u00bburl:https%3A%2F%2Fveraclinicpoliklinigi.com%2Ffr%2Festhetique-dentaire%2F|title:ESTH%C3%89TIQUE%20DENTAIRE\u00a0\u00bb custom_background_color=\u00a0\u00bb#223645&Prime; custom_css=\u00a0\u00bbJTIzdG0tY29sdW1uLTVlZDEwM2VlNmZjODAlMjAuaW1hZ2UlMjBpbWclN0IlMEF3aWR0aCUzQSUyMDQ5MHB4JTNCJTBBaGVpZ2h0JTNBJTIwMjgwcHglM0IlMEElN0Q=\u00a0\u00bb][\/vc_column_inner][vc_column_inner width=\u00a0\u00bb1\/3&Prime;][tm_box_icon style=\u00a0\u00bb6&Prime; align=\u00a0\u00bbcenter\u00a0\u00bb background_color=\u00a0\u00bbcustom\u00a0\u00bb image=\u00a0\u00bb8657&Prime; heading=\u00a0\u00bbEsth\u00e9tique M\u00e9dicale\u00a0\u00bb link=\u00a0\u00bburl:https%3A%2F%2Fveraclinicpoliklinigi.com%2Ffr%2Festhetique-medicale%2F|title:Esth%C3%A9tique%20M%C3%A9dicale\u00a0\u00bb custom_background_color=\u00a0\u00bb#223645&Prime;][\/vc_column_inner][\/vc_row_inner][\/vc_column][\/vc_row][vc_row full_width=\u00a0\u00bbstretch_row\u00a0\u00bb background_image=\u00a0\u00bb8528&Prime;][vc_column width=\u00a0\u00bb8\/12&Prime;][tm_spacer size=\u00a0\u00bblg:35&Prime;][tm_heading custom_google_font=\u00a0\u00bb\u00a0\u00bb text=\u00a0\u00bbPourquoi une POLICLINIQUE VERACLINIQUE PRIVEE ?\u00a0\u00bb][tm_spacer size=\u00a0\u00bblg:20&Prime;][vc_column_text]En tant que POLICLINIQUE VERACLINIQUE PRIVEE, nous planifions le service de sant\u00e9 que vous recevrez de Turquie de la mani\u00e8re la plus qualitative et vous offrons le service le plus id\u00e9al et le plus pr\u00e9cis. D\u00e8s la r\u00e9servation de votre billet d&rsquo;avion, nous nous effor\u00e7ons de vous fournir des services de niveau international \u00e0 tous les stades de votre traitement, y compris en ce qui concerne vos transferts et votre h\u00e9bergement.[\/vc_column_text][tm_spacer size=\u00a0\u00bblg:40&Prime;][\/vc_column][vc_column width=\u00a0\u00bb4\/12&Prime;][\/vc_column][\/vc_row][vc_row full_width=\u00a0\u00bbstretch_row\u00a0\u00bb background_color=\u00a0\u00bbcustom\u00a0\u00bb lg_spacing=\u00a0\u00bbpadding_top:115;padding_bottom:115&Prime; background_image=\u00a0\u00bb1428&Prime; custom_background_color=\u00a0\u00bb#f7f7f7&Prime;][vc_column][vc_row_inner equal_height=\u00a0\u00bbyes\u00a0\u00bb gutter=\u00a0\u00bblg:0&Prime; box_shadow=\u00a0\u00bb0 20px 40px rgba(0,0,0,0.18)\u00a0\u00bb layer_index=\u00a0\u00bb2&Prime;][vc_column_inner width=\u00a0\u00bb1\/3&Prime; background_image=\u00a0\u00bb81&Prime; background_position=\u00a0\u00bbcenter center\u00a0\u00bb][\/vc_column_inner][vc_column_inner width=\u00a0\u00bb2\/3&Prime; background_color=\u00a0\u00bbcustom\u00a0\u00bb lg_spacing=\u00a0\u00bbpadding_top:50;padding_right:55;padding_bottom:67;padding_left:55&Prime; sm_spacing=\u00a0\u00bbpadding_right:30;padding_left:30&Prime; custom_background_color=\u00a0\u00bb#ffffff\u00a0\u00bb][tm_heading custom_google_font=\u00a0\u00bb\u00a0\u00bb align=\u00a0\u00bbcenter\u00a0\u00bb animation=\u00a0\u00bbnone\u00a0\u00bb text=\u00a0\u00bbVous pouvez nous consulter gratuitement\u00a0\u00bb max_width=\u00a0\u00bb770px\u00a0\u00bb font_size=\u00a0\u00bbxs:24;sm:24;md:24;lg:36&Prime;][tm_spacer size=\u00a0\u00bblg:45&Prime;][tm_contact_form_7 id=\u00a0\u00bb9407&Prime;][\/vc_column_inner][\/vc_row_inner][tm_spacer size=\u00a0\u00bblg:25&Prime;][\/vc_column][\/vc_row][vc_row][vc_column][vc_separator css=\u00a0\u00bb.vc_custom_1565093775523{padding-top: 10px !important;}\u00a0\u00bb][tm_spacer size=\u00a0\u00bblg:40&Prime;][tm_heading style=\u00a0\u00bbwith-separator-2&Prime; tag=\u00a0\u00bbh2&Prime; custom_google_font=\u00a0\u00bb\u00a0\u00bb align=\u00a0\u00bbcenter\u00a0\u00bb animation=\u00a0\u00bbnone\u00a0\u00bb text=\u00a0\u00bbUne adresse fiable et reconnue dans le domaine du tourisme m\u00e9dical\u00a0\u00bb css=\u00a0\u00bb.vc_custom_1761553315931{padding-bottom: 20px !important;}\u00a0\u00bb][tm_spacer size=\u00a0\u00bblg:20&Prime;][tm_image image=\u00a0\u00bb9930&Prime;][\/vc_column][\/vc_row][vc_row][vc_column][vc_column_text][\/vc_column_text][\/vc_column][\/vc_row]<\/p>\n<\/section>","protected":false},"excerpt":{"rendered":"<p>[vc_row full_width=\u00a0\u00bbstretch_row\u00a0\u00bb full_height=\u00a0\u00bbyes\u00a0\u00bb columns_placement=\u00a0\u00bbtop\u00a0\u00bb background_image=\u00a0\u00bb9567&Prime;][vc_column lg_spacing=\u00a0\u00bbpadding_top:30&Prime;][\/vc_column][\/vc_row][vc_row lg_spacing=\u00a0\u00bbpadding_top:80;padding_bottom:30&Prime;][vc_column lg_spacing=\u00a0\u00bbpadding_top:30&Prime;][tm_heading tag=\u00a0\u00bbdiv\u00a0\u00bb custom_google_font=\u00a0\u00bb\u00a0\u00bb google_fonts=\u00a0\u00bbfont_family:Poppins%3A300%2Cregular%2C500%2C600%2C700|font_style:500%20medium%20regular%3A500%3Anormal\u00a0\u00bb align=\u00a0\u00bbcenter\u00a0\u00bb animation=\u00a0\u00bbnone\u00a0\u00bb text=\u00a0\u00bbPOLYCLINIQUE VERACLINIQUE PRIV\u00c9E, nous pratiquons la transplantation capillaire, les traitements dentaires et les traitements de chirurgie esth\u00e9tique dans notre clinique d&rsquo;Istanbul pour des patients \u00e9trangers originaires de plus de 40 pays. Nous fournissons \u00e9galement des services tels que le transfert depuis l&rsquo;a\u00e9roport, l&rsquo;h\u00e9bergement \u00e0 l&rsquo;h\u00f4tel et les traitements n\u00e9cessaires \u00e0 nos patients \u00e9trangers par l&rsquo;interm\u00e9diaire de nos interpr\u00e8tes qui parlent anglais, arabe, allemand, espagnol, fran\u00e7ais, italien, portugais et russe.\u00a0\u00bb font_size=\u00a0\u00bblg:17&Prime;][vc_btn title=\u00a0\u00bbNOS SERVICES\u00a0\u00bb style=\u00a0\u00bboutline\u00a0\u00bb color=\u00a0\u00bbsky\u00a0\u00bb align=\u00a0\u00bbcenter\u00a0\u00bb i_align=\u00a0\u00bbright\u00a0\u00bb i_icon_fontawesome=\u00a0\u00bbfas fa-headset\u00a0\u00bb add_icon=\u00a0\u00bbtrue\u00a0\u00bb css=\u00a0\u00bb.vc_custom_1712234425267{padding-top: 30px !important;}\u00a0\u00bb link=\u00a0\u00bburl:https%3A%2F%2Fveraclinicpoliklinigi.com%2Ffr%2Fcommunication%2F|title:%C4%B0leti%C5%9Fime%20Ge%C3%A7in\u00a0\u00bb][\/vc_column][\/vc_row][vc_row][vc_column][vc_separator css=\u00a0\u00bb.vc_custom_1565093775523{padding-top: 10px !important;}\u00a0\u00bb][tm_spacer size=\u00a0\u00bblg:40&Prime;][tm_heading style=\u00a0\u00bbwith-separator-2&Prime; tag=\u00a0\u00bbh2&Prime; custom_google_font=\u00a0\u00bb\u00a0\u00bb align=\u00a0\u00bbcenter\u00a0\u00bb animation=\u00a0\u00bbnone\u00a0\u00bb text=\u00a0\u00bbGALERIE\u00a0\u00bb css=\u00a0\u00bb.vc_custom_1712240105544{padding-bottom: 20px !important;}\u00a0\u00bb][tm_spacer size=\u00a0\u00bblg:20&Prime;][tm_image image=\u00a0\u00bb9541&Prime;][\/vc_column][\/vc_row][vc_row][vc_column][vc_separator css=\u00a0\u00bb.vc_custom_1565093775523{padding-top: 10px !important;}\u00a0\u00bb][tm_spacer size=\u00a0\u00bblg:40&Prime;][tm_heading style=\u00a0\u00bbwith-separator-2&Prime; tag=\u00a0\u00bbh2&Prime; custom_google_font=\u00a0\u00bb\u00a0\u00bb align=\u00a0\u00bbcenter\u00a0\u00bb animation=\u00a0\u00bbnone\u00a0\u00bb text=\u00a0\u00bbNOS SERVICES\u00a0\u00bb css=\u00a0\u00bb.vc_custom_1685373250747{padding-bottom: 20px !important;}\u00a0\u00bb][tm_spacer size=\u00a0\u00bblg:20&Prime;][\/vc_column][\/vc_row][vc_row full_width=\u00a0\u00bbstretch_row\u00a0\u00bb background_color=\u00a0\u00bbcustom\u00a0\u00bb lg_spacing=\u00a0\u00bbpadding_top:115;padding_right:100;padding_bottom:115;padding_left:100&Prime; md_spacing=\u00a0\u00bbpadding_right:70;padding_left:70&Prime; sm_spacing=\u00a0\u00bbpadding_right:50;padding_left:50&Prime; xs_spacing=\u00a0\u00bbpadding_right:0;padding_left:0&Prime; custom_background_color=\u00a0\u00bb#ebf5f5&Prime;][vc_column][vc_row_inner][vc_column_inner width=\u00a0\u00bb1\/3&Prime;][tm_box_icon style=\u00a0\u00bb6&Prime; align=\u00a0\u00bbcenter\u00a0\u00bb background_color=\u00a0\u00bbcustom\u00a0\u00bb image=\u00a0\u00bb8654&Prime; heading=\u00a0\u00bbGreffe de cheveux\u00a0\u00bb link=\u00a0\u00bburl:https%3A%2F%2Fveraclinicpoliklinigi.com%2Ffr%2Fgreffe-de-cheveux%2F|title:Greffe%20de%20cheveux\u00a0\u00bb custom_background_color=\u00a0\u00bb#223645&Prime;][\/vc_column_inner][vc_column_inner width=\u00a0\u00bb1\/3&Prime;][tm_box_icon style=\u00a0\u00bb6&Prime; align=\u00a0\u00bbcenter\u00a0\u00bb background_color=\u00a0\u00bbcustom\u00a0\u00bb image=\u00a0\u00bb8655&Prime; heading=\u00a0\u00bbEsth\u00e9tique Dentaire\u00a0\u00bb link=\u00a0\u00bburl:https%3A%2F%2Fveraclinicpoliklinigi.com%2Ffr%2Festhetique-dentaire%2F|title:ESTH%C3%89TIQUE%20DENTAIRE\u00a0\u00bb custom_background_color=\u00a0\u00bb#223645&Prime; custom_css=\u00a0\u00bbJTIzdG0tY29sdW1uLTVlZDEwM2VlNmZjODAlMjAuaW1hZ2UlMjBpbWclN0IlMEF3aWR0aCUzQSUyMDQ5MHB4JTNCJTBBaGVpZ2h0JTNBJTIwMjgwcHglM0IlMEElN0Q=\u00a0\u00bb][\/vc_column_inner][vc_column_inner width=\u00a0\u00bb1\/3&Prime;][tm_box_icon style=\u00a0\u00bb6&Prime; align=\u00a0\u00bbcenter\u00a0\u00bb background_color=\u00a0\u00bbcustom\u00a0\u00bb image=\u00a0\u00bb8657&Prime; heading=\u00a0\u00bbEsth\u00e9tique M\u00e9dicale\u00a0\u00bb link=\u00a0\u00bburl:https%3A%2F%2Fveraclinicpoliklinigi.com%2Ffr%2Festhetique-medicale%2F|title:Esth%C3%A9tique%20M%C3%A9dicale\u00a0\u00bb custom_background_color=\u00a0\u00bb#223645&Prime;][\/vc_column_inner][\/vc_row_inner][\/vc_column][\/vc_row][vc_row full_width=\u00a0\u00bbstretch_row\u00a0\u00bb background_image=\u00a0\u00bb8528&Prime;][vc_column width=\u00a0\u00bb8\/12&Prime;][tm_spacer size=\u00a0\u00bblg:35&Prime;][tm_heading custom_google_font=\u00a0\u00bb\u00a0\u00bb text=\u00a0\u00bbPourquoi une POLICLINIQUE VERACLINIQUE PRIVEE ?\u00a0\u00bb][tm_spacer size=\u00a0\u00bblg:20&Prime;][vc_column_text]En tant que POLICLINIQUE VERACLINIQUE PRIVEE, nous planifions le service de sant\u00e9 que vous recevrez de Turquie de la mani\u00e8re la plus qualitative et vous offrons le service le plus id\u00e9al et le plus pr\u00e9cis. D\u00e8s la r\u00e9servation de votre billet d&rsquo;avion, nous nous effor\u00e7ons de vous fournir des services de niveau international \u00e0 tous les stades de votre traitement, y compris en ce qui concerne vos transferts et votre h\u00e9bergement.[\/vc_column_text][tm_spacer size=\u00a0\u00bblg:40&Prime;][\/vc_column][vc_column width=\u00a0\u00bb4\/12&Prime;][\/vc_column][\/vc_row][vc_row full_width=\u00a0\u00bbstretch_row\u00a0\u00bb background_color=\u00a0\u00bbcustom\u00a0\u00bb lg_spacing=\u00a0\u00bbpadding_top:115;padding_bottom:115&Prime; background_image=\u00a0\u00bb1428&Prime; custom_background_color=\u00a0\u00bb#f7f7f7&Prime;][vc_column][vc_row_inner equal_height=\u00a0\u00bbyes\u00a0\u00bb gutter=\u00a0\u00bblg:0&Prime; box_shadow=\u00a0\u00bb0 20px 40px rgba(0,0,0,0.18)\u00a0\u00bb layer_index=\u00a0\u00bb2&Prime;][vc_column_inner width=\u00a0\u00bb1\/3&Prime; background_image=\u00a0\u00bb81&Prime; background_position=\u00a0\u00bbcenter center\u00a0\u00bb][\/vc_column_inner][vc_column_inner width=\u00a0\u00bb2\/3&Prime; background_color=\u00a0\u00bbcustom\u00a0\u00bb lg_spacing=\u00a0\u00bbpadding_top:50;padding_right:55;padding_bottom:67;padding_left:55&Prime; sm_spacing=\u00a0\u00bbpadding_right:30;padding_left:30&Prime; custom_background_color=\u00a0\u00bb#ffffff\u00a0\u00bb][tm_heading custom_google_font=\u00a0\u00bb\u00a0\u00bb align=\u00a0\u00bbcenter\u00a0\u00bb animation=\u00a0\u00bbnone\u00a0\u00bb text=\u00a0\u00bbVous pouvez nous consulter gratuitement\u00a0\u00bb max_width=\u00a0\u00bb770px\u00a0\u00bb font_size=\u00a0\u00bbxs:24;sm:24;md:24;lg:36&Prime;][tm_spacer size=\u00a0\u00bblg:45&Prime;][tm_contact_form_7 id=\u00a0\u00bb9407&Prime;][\/vc_column_inner][\/vc_row_inner][tm_spacer size=\u00a0\u00bblg:25&Prime;][\/vc_column][\/vc_row][vc_row][vc_column][vc_separator css=\u00a0\u00bb.vc_custom_1565093775523{padding-top: 10px !important;}\u00a0\u00bb][tm_spacer size=\u00a0\u00bblg:40&Prime;][tm_heading style=\u00a0\u00bbwith-separator-2&Prime; tag=\u00a0\u00bbh2&Prime; custom_google_font=\u00a0\u00bb\u00a0\u00bb align=\u00a0\u00bbcenter\u00a0\u00bb animation=\u00a0\u00bbnone\u00a0\u00bb text=\u00a0\u00bbUne adresse fiable et reconnue dans le domaine du tourisme m\u00e9dical\u00a0\u00bb css=\u00a0\u00bb.vc_custom_1761553315931{padding-bottom: 20px !important;}\u00a0\u00bb][tm_spacer size=\u00a0\u00bblg:20&Prime;][tm_image image=\u00a0\u00bb9930&Prime;][\/vc_column][\/vc_row][vc_row][vc_column][vc_column_text][\/vc_column_text][\/vc_column][\/vc_row]<\/p>\n","protected":false},"author":1,"featured_media":0,"parent":0,"menu_order":0,"comment_status":"closed","ping_status":"closed","template":"","meta":{"footnotes":""},"_links":{"self":[{"href":"https:\/\/veraclinicpoliklinigi.com\/fr\/wp-json\/wp\/v2\/pages\/9346"}],"collection":[{"href":"https:\/\/veraclinicpoliklinigi.com\/fr\/wp-json\/wp\/v2\/pages"}],"about":[{"href":"https:\/\/veraclinicpoliklinigi.com\/fr\/wp-json\/wp\/v2\/types\/page"}],"author":[{"embeddable":true,"href":"https:\/\/veraclinicpoliklinigi.com\/fr\/wp-json\/wp\/v2\/users\/1"}],"replies":[{"embeddable":true,"href":"https:\/\/veraclinicpoliklinigi.com\/fr\/wp-json\/wp\/v2\/comments?post=9346"}],"version-history":[{"count":19,"href":"https:\/\/veraclinicpoliklinigi.com\/fr\/wp-json\/wp\/v2\/pages\/9346\/revisions"}],"predecessor-version":[{"id":9936,"href":"https:\/\/veraclinicpoliklinigi.com\/fr\/wp-json\/wp\/v2\/pages\/9346\/revisions\/9936"}],"wp:attachment":[{"href":"https:\/\/veraclinicpoliklinigi.com\/fr\/wp-json\/wp\/v2\/media?parent=9346"}],"curies":[{"name":"wp","href":"https:\/\/api.w.org\/{rel}","templated":true}]}}