{"id":9352,"date":"2014-03-28T10:15:16","date_gmt":"2014-03-28T08:15:16","guid":{"rendered":"https:\/\/veraclinicpoliklinigi.com\/hakkimizda\/"},"modified":"2026-03-31T14:53:00","modified_gmt":"2026-03-31T11:53:00","slug":"a-propos","status":"publish","type":"page","link":"https:\/\/veraclinicpoliklinigi.com\/fr\/a-propos\/","title":{"rendered":"POLYCLINIQUE VERACLINIQUE PRIV\u00c9E"},"content":{"rendered":"<section class=\"wpb-content-wrapper\"><p>[vc_row][vc_column][tm_spacer size=\u00a0\u00bblg:50&Prime;][\/vc_column][\/vc_row][vc_row][vc_column][tm_heading tag=\u00a0\u00bbh2&Prime; custom_google_font=\u00a0\u00bb\u00a0\u00bb text=\u00a0\u00bbPOLYCLINIQUE VERACLINIQUE PRIV\u00c9E\u00a0\u00bb][tm_spacer size=\u00a0\u00bblg:35&Prime;][vc_column_text]Fond\u00e9 en 2024, en tant que POLYCLINIQUE VERACLINIQUE PRIV\u00c9E, nous poursuivons fi\u00e8rement notre mission de pr\u00e9senter au monde entier le tourisme de sant\u00e9, qui est devenu l&rsquo;une des valeurs importantes de notre pays, de la meilleure fa\u00e7on possible.<br \/>\nDepuis le jour de notre fondation, nous avons servi beaucoup de nos patients d&rsquo;Angleterre, d&rsquo;Espagne, d&rsquo;Italie, de France, d&rsquo;Am\u00e9rique, du Canada et d&rsquo;Australie et nous nous assurons qu&rsquo;ils quittent notre pays heureux. Avec notre \u00e9quipe exp\u00e9riment\u00e9e et professionnelle, nous poursuivons nos activit\u00e9s que nous visons l&rsquo;excellence.[\/vc_column_text][\/vc_column][\/vc_row][vc_row disable_element=\u00a0\u00bbyes\u00a0\u00bb][vc_column][tm_image image=\u00a0\u00bb8469&Prime; lg_spacing=\u00a0\u00bbpadding_top:50&Prime;][\/vc_column][\/vc_row][vc_row][vc_column][tm_spacer size=\u00a0\u00bblg:50&Prime;][\/vc_column][\/vc_row][vc_row][vc_column][tm_spacer size=\u00a0\u00bblg:50&Prime;][tm_contact_form_7 id=\u00a0\u00bb9409&Prime; style=\u00a0\u00bb04&Prime;][tm_spacer size=\u00a0\u00bblg:50&Prime;][\/vc_column][\/vc_row][vc_row background_color=\u00a0\u00bbcustom\u00a0\u00bb lg_spacing=\u00a0\u00bbpadding_top:20;padding_right:20;padding_bottom:20;padding_left:20&Prime; custom_background_color=\u00a0\u00bb#efefef\u00a0\u00bb][vc_column][vc_column_text]<\/p>\n<div id=\"tm-row-68b8374910e3e\" class=\"vc_row vc_row-outer vc_row-fluid\">\n<div id=\"tm-column-68b837491111e\" class=\"wpb_column vc_column_container vc_col-sm-12\">\n<div class=\"vc_column-inner \">\n<div class=\"wpb_wrapper\">\n<div class=\"wpb_text_column wpb_content_element \">\n<div class=\"wpb_wrapper\">\n<div id=\"tm-row-68b8374910e3e\" class=\"vc_row vc_row-outer vc_row-fluid\">\n<div id=\"tm-column-68b837491111e\" class=\"wpb_column vc_column_container vc_col-sm-12\">\n<div class=\"vc_column-inner \">\n<div class=\"wpb_wrapper\">\n<div class=\"wpb_text_column wpb_content_element \">\n<div class=\"wpb_wrapper\">\n<p style=\"text-align: center;\"><strong>Date de la derni\u00e8re mise \u00e0 jour\u00a0:<\/strong> 24.10.2025<\/p>\n<\/div>\n<\/div>\n<\/div>\n<\/div>\n<\/div>\n<\/div>\n<\/div>\n<\/div>\n<\/div>\n<\/div>\n<\/div>\n<\/div>\n<p>[\/vc_column_text][\/vc_column][\/vc_row]<\/p>\n<\/section>","protected":false},"excerpt":{"rendered":"<p>[vc_row][vc_column][tm_spacer size=\u00a0\u00bblg:50&Prime;][\/vc_column][\/vc_row][vc_row][vc_column][tm_heading tag=\u00a0\u00bbh2&Prime; custom_google_font=\u00a0\u00bb\u00a0\u00bb text=\u00a0\u00bbPOLYCLINIQUE VERACLINIQUE PRIV\u00c9E\u00a0\u00bb][tm_spacer size=\u00a0\u00bblg:35&Prime;][vc_column_text]Fond\u00e9 en 2024, en tant que POLYCLINIQUE VERACLINIQUE PRIV\u00c9E, nous poursuivons fi\u00e8rement notre mission de pr\u00e9senter au monde entier le tourisme de sant\u00e9, qui est devenu l&rsquo;une des valeurs importantes de notre pays, de la meilleure fa\u00e7on possible. Depuis le jour de notre fondation, nous avons servi beaucoup de nos patients d&rsquo;Angleterre, d&rsquo;Espagne, d&rsquo;Italie, de France, d&rsquo;Am\u00e9rique, du Canada et d&rsquo;Australie et nous nous assurons qu&rsquo;ils quittent notre pays heureux. Avec notre \u00e9quipe exp\u00e9riment\u00e9e et professionnelle, nous poursuivons nos activit\u00e9s que nous visons l&rsquo;excellence.[\/vc_column_text][\/vc_column][\/vc_row][vc_row disable_element=\u00a0\u00bbyes\u00a0\u00bb][vc_column][tm_image image=\u00a0\u00bb8469&Prime; lg_spacing=\u00a0\u00bbpadding_top:50&Prime;][\/vc_column][\/vc_row][vc_row][vc_column][tm_spacer size=\u00a0\u00bblg:50&Prime;][\/vc_column][\/vc_row][vc_row][vc_column][tm_spacer size=\u00a0\u00bblg:50&Prime;][tm_contact_form_7 id=\u00a0\u00bb9409&Prime; style=\u00a0\u00bb04&Prime;][tm_spacer size=\u00a0\u00bblg:50&Prime;][\/vc_column][\/vc_row][vc_row background_color=\u00a0\u00bbcustom\u00a0\u00bb lg_spacing=\u00a0\u00bbpadding_top:20;padding_right:20;padding_bottom:20;padding_left:20&Prime; custom_background_color=\u00a0\u00bb#efefef\u00a0\u00bb][vc_column][vc_column_text] Date de la derni\u00e8re mise \u00e0 jour\u00a0: 24.10.2025 [\/vc_column_text][\/vc_column][\/vc_row]<\/p>\n","protected":false},"author":1,"featured_media":0,"parent":0,"menu_order":0,"comment_status":"closed","ping_status":"closed","template":"","meta":{"footnotes":""},"_links":{"self":[{"href":"https:\/\/veraclinicpoliklinigi.com\/fr\/wp-json\/wp\/v2\/pages\/9352"}],"collection":[{"href":"https:\/\/veraclinicpoliklinigi.com\/fr\/wp-json\/wp\/v2\/pages"}],"about":[{"href":"https:\/\/veraclinicpoliklinigi.com\/fr\/wp-json\/wp\/v2\/types\/page"}],"author":[{"embeddable":true,"href":"https:\/\/veraclinicpoliklinigi.com\/fr\/wp-json\/wp\/v2\/users\/1"}],"replies":[{"embeddable":true,"href":"https:\/\/veraclinicpoliklinigi.com\/fr\/wp-json\/wp\/v2\/comments?post=9352"}],"version-history":[{"count":12,"href":"https:\/\/veraclinicpoliklinigi.com\/fr\/wp-json\/wp\/v2\/pages\/9352\/revisions"}],"predecessor-version":[{"id":9949,"href":"https:\/\/veraclinicpoliklinigi.com\/fr\/wp-json\/wp\/v2\/pages\/9352\/revisions\/9949"}],"wp:attachment":[{"href":"https:\/\/veraclinicpoliklinigi.com\/fr\/wp-json\/wp\/v2\/media?parent=9352"}],"curies":[{"name":"wp","href":"https:\/\/api.w.org\/{rel}","templated":true}]}}