{"id":9357,"date":"2015-07-06T11:45:57","date_gmt":"2015-07-06T08:45:57","guid":{"rendered":"https:\/\/veraclinicpoliklinigi.com\/medikal-turizim\/"},"modified":"2025-10-27T08:49:44","modified_gmt":"2025-10-27T05:49:44","slug":"tourisme-medical-en-turquie","status":"publish","type":"page","link":"https:\/\/veraclinicpoliklinigi.com\/fr\/tourisme-medical-en-turquie\/","title":{"rendered":"Tourisme m\u00e9dical en Turquie"},"content":{"rendered":"<section class=\"wpb-content-wrapper\"><p>[vc_row][vc_column][tm_spacer size=\u00a0\u00bblg:50&Prime;][tm_heading style=\u00a0\u00bbwith-separator-2&Prime; custom_google_font=\u00a0\u00bb\u00a0\u00bb align=\u00a0\u00bbcenter\u00a0\u00bb text=\u00a0\u00bbTourisme m\u00e9dical en Turquie\u00a0\u00bb css=\u00a0\u00bb.vc_custom_1685373883204{padding-top: 20px !important;}\u00a0\u00bb][tm_spacer size=\u00a0\u00bblg:20&Prime;][tm_heading tag=\u00a0\u00bbp\u00a0\u00bb custom_google_font=\u00a0\u00bb\u00a0\u00bb text=\u00a0\u00bbLe tourisme m\u00e9dical, c&rsquo;est-\u00e0-dire les visites de personnes dans un autre pays afin de recevoir des soins m\u00e9dicaux, a \u00e9t\u00e9 une valeur importante pour notre pays ces derni\u00e8res ann\u00e9es.\u00a0\u00bb][tm_spacer size=\u00a0\u00bblg:20&Prime;][\/vc_column][\/vc_row][vc_row][vc_column width=\u00a0\u00bb1\/2&Prime;][tm_heading tag=\u00a0\u00bbp\u00a0\u00bb custom_google_font=\u00a0\u00bb\u00a0\u00bb text=\u00a0\u00bbParmi les raisons pour lesquelles de nombreux patients de diff\u00e9rentes zones g\u00e9ographiques pr\u00e9f\u00e8rent notre pays ;\u00a0\u00bb][tm_list list_style=\u00a0\u00bbcheck\u00a0\u00bb columns=\u00a0\u00bbxs:1;lg:1&Prime; items=\u00a0\u00bb%5B%7B%22item_title%22%3A%22L&rsquo;expertise%20de%20nos%20m%C3%A9decins%22%2C%22icon_type%22%3A%22fontawesome5%22%7D%2C%7B%22item_title%22%3A%22Notre%20enthousiasme%20%C3%A0%20suivre%20et%20%C3%A0%20d%C3%A9velopper%20de%20nouvelles%20technologies%22%2C%22icon_type%22%3A%22fontawesome5%22%7D%2C%7B%22item_title%22%3A%22Nos%20services%20de%20sant%C3%A9%20de%20qualit%C3%A9%22%2C%22icon_type%22%3A%22fontawesome5%22%7D%2C%7B%22item_title%22%3A%22La%20juste%20politique%20de%20prix%20que%20nous%20suivons%20dans%20des%20crit%C3%A8res%20tels%20que%20le%20rapport%20b%C3%A9n%C3%A9fice%2Fco%C3%BBt%22%2C%22icon_type%22%3A%22fontawesome5%22%7D%2C%7B%22item_title%22%3A%22Notre%20respect%20des%20droits%20des%20patients%22%2C%22icon_type%22%3A%22fontawesome5%22%7D%2C%7B%22item_title%22%3A%22Notre%20pays%20est%20une%20valeur%20touristique%20importante.%22%2C%22icon_type%22%3A%22fontawesome5%22%7D%5D\u00a0\u00bb][\/vc_column][vc_column width=\u00a0\u00bb1\/2&Prime;][tm_image image=\u00a0\u00bb8537&Prime;][\/vc_column][\/vc_row][vc_row][vc_column][tm_spacer size=\u00a0\u00bblg:30&Prime;][tm_heading tag=\u00a0\u00bbp\u00a0\u00bb custom_google_font=\u00a0\u00bb\u00a0\u00bb text=\u00a0\u00bbEn tant que POLYCLINIQUE VERACLINIQUE PRIV\u00c9E, nous nous effor\u00e7ons depuis 2003 de servir une valeur importante de notre pays, \u00e0 savoir le tourisme m\u00e9dical. Afin d&rsquo;\u00e9lever notre pays \u00e0 un niveau sup\u00e9rieur dans le domaine du tourisme m\u00e9dical, nous fournissons le meilleur service \u00e0 tous nos patients, que nous consid\u00e9rons comme nos invit\u00e9s.\u00a0\u00bb][tm_spacer][\/vc_column][\/vc_row][vc_row][vc_column][tm_spacer size=\u00a0\u00bblg:10&Prime;][tm_heading style=\u00a0\u00bbwith-separator-1&Prime; custom_google_font=\u00a0\u00bb\u00a0\u00bb text=\u00a0\u00bbComment faisons-nous \u00e7a?\u00a0\u00bb][tm_spacer size=\u00a0\u00bblg:10&Prime;][tm_list list_style=\u00a0\u00bbcircle\u00a0\u00bb columns=\u00a0\u00bbxs:1;lg:1&Prime; items=\u00a0\u00bb%5B%7B%22item_title%22%3A%22Le%20processus%20commence%20par%20l&rsquo;achat%20du%20billet%20d&rsquo;avion%20apr%C3%A8s%20que%20le%20patient%2C%20qui%20communique%20avec%20nos%20conseillers%20professionnels%20aux%20patients%20dans%20notre%20centre%2C%20ait%20pris%20sa%20d%C3%A9cision.%22%2C%22icon_type%22%3A%22fontawesome5%22%7D%2C%7B%22item_title%22%3A%22Nous%20rencontrons%20le%20patient%20%C3%A0%20l&rsquo;a%C3%A9roport%20avec%20notre%20%C3%A9quipe%20de%20transfert%20et%20le%20pla%C3%A7ons%20dans%20nos%20h%C3%B4tels%204%20et%205%20%C3%A9toiles%20sous%20contrat.%22%2C%22icon_type%22%3A%22fontawesome5%22%7D%2C%7B%22item_title%22%3A%22Le%20lendemain%2C%20nous%20transf%C3%A9rons%20le%20patient%20pour%20effectuer%20l&rsquo;op%C3%A9ration%20du%20traitement%20n%C3%A9cessaire.%22%2C%22icon_type%22%3A%22fontawesome5%22%7D%5D\u00a0\u00bb][tm_spacer size=\u00a0\u00bblg:10&Prime;][tm_heading tag=\u00a0\u00bbp\u00a0\u00bb custom_google_font=\u00a0\u00bb\u00a0\u00bb text=\u00a0\u00bbUne fois la consultation de notre patient et les tests n\u00e9cessaires termin\u00e9s, les traitements de sant\u00e9 et esth\u00e9tiques sont commenc\u00e9s en fonction de ses besoins. Une fois le processus de traitement pr\u00e9vu termin\u00e9, le patient peut poursuivre ses vacances dans notre pays ou retourner dans son pays d&rsquo;une mani\u00e8re renouvel\u00e9e et saine.\u00a0\u00bb][tm_spacer size=\u00a0\u00bblg:30&Prime;][\/vc_column][\/vc_row][vc_row background_color=\u00a0\u00bbcustom\u00a0\u00bb lg_spacing=\u00a0\u00bbpadding_top:20;padding_right:20;padding_bottom:20;padding_left:20&Prime; custom_background_color=\u00a0\u00bb#efefef\u00a0\u00bb][vc_column][vc_text_separator title=\u00a0\u00bbComit\u00e9 Web et Publication : Serkan KAYA\u00a0\u00bb][vc_column_text]<\/p>\n<p style=\"text-align: center;\"><strong>Date de la derni\u00e8re mise \u00e0 jour\u00a0:<\/strong> 24.10.2025<\/p>\n<p>[\/vc_column_text][\/vc_column][\/vc_row][vc_row][vc_column][tm_spacer size=\u00a0\u00bblg:70&Prime;][\/vc_column][\/vc_row]<\/p>\n<\/section>","protected":false},"excerpt":{"rendered":"<p>[vc_row][vc_column][tm_spacer size=\u00a0\u00bblg:50&Prime;][tm_heading style=\u00a0\u00bbwith-separator-2&Prime; custom_google_font=\u00a0\u00bb\u00a0\u00bb align=\u00a0\u00bbcenter\u00a0\u00bb text=\u00a0\u00bbTourisme m\u00e9dical en Turquie\u00a0\u00bb css=\u00a0\u00bb.vc_custom_1685373883204{padding-top: 20px !important;}\u00a0\u00bb][tm_spacer size=\u00a0\u00bblg:20&Prime;][tm_heading tag=\u00a0\u00bbp\u00a0\u00bb custom_google_font=\u00a0\u00bb\u00a0\u00bb text=\u00a0\u00bbLe tourisme m\u00e9dical, c&rsquo;est-\u00e0-dire les visites de personnes dans un autre pays afin de recevoir des soins m\u00e9dicaux, a \u00e9t\u00e9 une valeur importante pour notre pays ces derni\u00e8res ann\u00e9es.\u00a0\u00bb][tm_spacer size=\u00a0\u00bblg:20&Prime;][\/vc_column][\/vc_row][vc_row][vc_column width=\u00a0\u00bb1\/2&Prime;][tm_heading tag=\u00a0\u00bbp\u00a0\u00bb custom_google_font=\u00a0\u00bb\u00a0\u00bb text=\u00a0\u00bbParmi les raisons pour lesquelles de nombreux patients de diff\u00e9rentes zones g\u00e9ographiques pr\u00e9f\u00e8rent notre pays ;\u00a0\u00bb][tm_list list_style=\u00a0\u00bbcheck\u00a0\u00bb columns=\u00a0\u00bbxs:1;lg:1&Prime; items=\u00a0\u00bb%5B%7B%22item_title%22%3A%22L&rsquo;expertise%20de%20nos%20m%C3%A9decins%22%2C%22icon_type%22%3A%22fontawesome5%22%7D%2C%7B%22item_title%22%3A%22Notre%20enthousiasme%20%C3%A0%20suivre%20et%20%C3%A0%20d%C3%A9velopper%20de%20nouvelles%20technologies%22%2C%22icon_type%22%3A%22fontawesome5%22%7D%2C%7B%22item_title%22%3A%22Nos%20services%20de%20sant%C3%A9%20de%20qualit%C3%A9%22%2C%22icon_type%22%3A%22fontawesome5%22%7D%2C%7B%22item_title%22%3A%22La%20juste%20politique%20de%20prix%20que%20nous%20suivons%20dans%20des%20crit%C3%A8res%20tels%20que%20le%20rapport%20b%C3%A9n%C3%A9fice%2Fco%C3%BBt%22%2C%22icon_type%22%3A%22fontawesome5%22%7D%2C%7B%22item_title%22%3A%22Notre%20respect%20des%20droits%20des%20patients%22%2C%22icon_type%22%3A%22fontawesome5%22%7D%2C%7B%22item_title%22%3A%22Notre%20pays%20est%20une%20valeur%20touristique%20importante.%22%2C%22icon_type%22%3A%22fontawesome5%22%7D%5D\u00a0\u00bb][\/vc_column][vc_column width=\u00a0\u00bb1\/2&Prime;][tm_image image=\u00a0\u00bb8537&Prime;][\/vc_column][\/vc_row][vc_row][vc_column][tm_spacer size=\u00a0\u00bblg:30&Prime;][tm_heading tag=\u00a0\u00bbp\u00a0\u00bb custom_google_font=\u00a0\u00bb\u00a0\u00bb text=\u00a0\u00bbEn tant que POLYCLINIQUE VERACLINIQUE PRIV\u00c9E, nous nous effor\u00e7ons depuis 2003 de servir une valeur importante de notre pays, \u00e0 savoir le tourisme m\u00e9dical. Afin d&rsquo;\u00e9lever notre pays \u00e0 un niveau sup\u00e9rieur dans le domaine du tourisme m\u00e9dical, nous fournissons le meilleur service \u00e0 tous nos patients, que nous consid\u00e9rons comme nos invit\u00e9s.\u00a0\u00bb][tm_spacer][\/vc_column][\/vc_row][vc_row][vc_column][tm_spacer size=\u00a0\u00bblg:10&Prime;][tm_heading style=\u00a0\u00bbwith-separator-1&Prime; custom_google_font=\u00a0\u00bb\u00a0\u00bb text=\u00a0\u00bbComment faisons-nous \u00e7a?\u00a0\u00bb][tm_spacer size=\u00a0\u00bblg:10&Prime;][tm_list list_style=\u00a0\u00bbcircle\u00a0\u00bb columns=\u00a0\u00bbxs:1;lg:1&Prime; items=\u00a0\u00bb%5B%7B%22item_title%22%3A%22Le%20processus%20commence%20par%20l&rsquo;achat%20du%20billet%20d&rsquo;avion%20apr%C3%A8s%20que%20le%20patient%2C%20qui%20communique%20avec%20nos%20conseillers%20professionnels%20aux%20patients%20dans%20notre%20centre%2C%20ait%20pris%20sa%20d%C3%A9cision.%22%2C%22icon_type%22%3A%22fontawesome5%22%7D%2C%7B%22item_title%22%3A%22Nous%20rencontrons%20le%20patient%20%C3%A0%20l&rsquo;a%C3%A9roport%20avec%20notre%20%C3%A9quipe%20de%20transfert%20et%20le%20pla%C3%A7ons%20dans%20nos%20h%C3%B4tels%204%20et%205%20%C3%A9toiles%20sous%20contrat.%22%2C%22icon_type%22%3A%22fontawesome5%22%7D%2C%7B%22item_title%22%3A%22Le%20lendemain%2C%20nous%20transf%C3%A9rons%20le%20patient%20pour%20effectuer%20l&rsquo;op%C3%A9ration%20du%20traitement%20n%C3%A9cessaire.%22%2C%22icon_type%22%3A%22fontawesome5%22%7D%5D\u00a0\u00bb][tm_spacer size=\u00a0\u00bblg:10&Prime;][tm_heading tag=\u00a0\u00bbp\u00a0\u00bb custom_google_font=\u00a0\u00bb\u00a0\u00bb text=\u00a0\u00bbUne fois la consultation de notre patient et les tests n\u00e9cessaires termin\u00e9s, les traitements de sant\u00e9 et esth\u00e9tiques sont commenc\u00e9s en fonction de ses besoins. Une fois le processus de traitement pr\u00e9vu termin\u00e9, le patient peut poursuivre ses vacances dans notre pays ou retourner dans son pays d&rsquo;une mani\u00e8re renouvel\u00e9e et saine.\u00a0\u00bb][tm_spacer size=\u00a0\u00bblg:30&Prime;][\/vc_column][\/vc_row][vc_row background_color=\u00a0\u00bbcustom\u00a0\u00bb lg_spacing=\u00a0\u00bbpadding_top:20;padding_right:20;padding_bottom:20;padding_left:20&Prime; custom_background_color=\u00a0\u00bb#efefef\u00a0\u00bb][vc_column][vc_text_separator title=\u00a0\u00bbComit\u00e9 Web et Publication : Serkan KAYA\u00a0\u00bb][vc_column_text] Date de la derni\u00e8re mise \u00e0 jour\u00a0: 24.10.2025 [\/vc_column_text][\/vc_column][\/vc_row][vc_row][vc_column][tm_spacer size=\u00a0\u00bblg:70&Prime;][\/vc_column][\/vc_row]<\/p>\n","protected":false},"author":1,"featured_media":0,"parent":0,"menu_order":0,"comment_status":"closed","ping_status":"closed","template":"","meta":{"footnotes":""},"_links":{"self":[{"href":"https:\/\/veraclinicpoliklinigi.com\/fr\/wp-json\/wp\/v2\/pages\/9357"}],"collection":[{"href":"https:\/\/veraclinicpoliklinigi.com\/fr\/wp-json\/wp\/v2\/pages"}],"about":[{"href":"https:\/\/veraclinicpoliklinigi.com\/fr\/wp-json\/wp\/v2\/types\/page"}],"author":[{"embeddable":true,"href":"https:\/\/veraclinicpoliklinigi.com\/fr\/wp-json\/wp\/v2\/users\/1"}],"replies":[{"embeddable":true,"href":"https:\/\/veraclinicpoliklinigi.com\/fr\/wp-json\/wp\/v2\/comments?post=9357"}],"version-history":[{"count":8,"href":"https:\/\/veraclinicpoliklinigi.com\/fr\/wp-json\/wp\/v2\/pages\/9357\/revisions"}],"predecessor-version":[{"id":9918,"href":"https:\/\/veraclinicpoliklinigi.com\/fr\/wp-json\/wp\/v2\/pages\/9357\/revisions\/9918"}],"wp:attachment":[{"href":"https:\/\/veraclinicpoliklinigi.com\/fr\/wp-json\/wp\/v2\/media?parent=9357"}],"curies":[{"name":"wp","href":"https:\/\/api.w.org\/{rel}","templated":true}]}}