{"id":9365,"date":"2015-07-06T11:39:46","date_gmt":"2015-07-06T08:39:46","guid":{"rendered":"https:\/\/veraclinicpoliklinigi.com\/sac-ekim-nedir\/"},"modified":"2025-10-27T08:50:53","modified_gmt":"2025-10-27T05:50:53","slug":"greffe-de-cheveux","status":"publish","type":"page","link":"https:\/\/veraclinicpoliklinigi.com\/fr\/greffe-de-cheveux\/","title":{"rendered":"Greffe de cheveux"},"content":{"rendered":"<section class=\"wpb-content-wrapper\"><p>[vc_row][vc_column][tm_spacer size=\u00a0\u00bblg:20&Prime;][tm_heading style=\u00a0\u00bbwith-separator-2&Prime; custom_google_font=\u00a0\u00bb\u00a0\u00bb align=\u00a0\u00bbcenter\u00a0\u00bb text=\u00a0\u00bbGreffe de cheveux\u00a0\u00bb][tm_spacer size=\u00a0\u00bblg:20&Prime;][tm_heading tag=\u00a0\u00bbdiv\u00a0\u00bb custom_google_font=\u00a0\u00bb\u00a0\u00bb][tm_spacer size=\u00a0\u00bblg:10&Prime;][\/vc_column][\/vc_row][vc_row lg_spacing=\u00a0\u00bbmargin_bottom:50&Prime; md_spacing=\u00a0\u00bbmargin_bottom:20&Prime; sm_spacing=\u00a0\u00bbmargin_bottom:20&Prime; xs_spacing=\u00a0\u00bbmargin_bottom:20&Prime;][vc_column width=\u00a0\u00bb1\/4&Prime;][tm_image image_size=\u00a0\u00bbcustom\u00a0\u00bb full_wide=\u00a0\u00bb1&Prime; image=\u00a0\u00bb9619&Prime; image_size_width=\u00a0\u00bb400&Prime; image_size_height=\u00a0\u00bb400&Prime;][\/vc_column][vc_column width=\u00a0\u00bb3\/4&Prime;][tm_heading custom_google_font=\u00a0\u00bb\u00a0\u00bb text=\u00a0\u00bbGREFFE DE CHEVEUX DHI\u00a0\u00bb][vc_column_text]La greffe de cheveux DHI est \u00e9galement connue sous le nom de greffe de cheveux directe. La greffe de cheveux DHI est une m\u00e9thode utilis\u00e9e par les personnes qui souffrent d&rsquo;une perte de cheveux et d&rsquo;une calvitie intenses pour retrouver une chevelure saine et naturelle.[\/vc_column_text][\/vc_column][\/vc_row][vc_row lg_spacing=\u00a0\u00bbmargin_bottom:50&Prime; md_spacing=\u00a0\u00bbmargin_bottom:20&Prime; sm_spacing=\u00a0\u00bbmargin_bottom:18&Prime; xs_spacing=\u00a0\u00bbmargin_bottom:20&Prime;][vc_column width=\u00a0\u00bb1\/4&Prime;][tm_image image_size=\u00a0\u00bbcustom\u00a0\u00bb full_wide=\u00a0\u00bb1&Prime; image=\u00a0\u00bb9632&Prime; image_size_width=\u00a0\u00bb400&Prime; image_size_height=\u00a0\u00bb400&Prime;][\/vc_column][vc_column width=\u00a0\u00bb3\/4&Prime;][tm_heading custom_google_font=\u00a0\u00bb\u00a0\u00bb text=\u00a0\u00bbGreffe de cheveux Sapphire FUE\u00a0\u00bb][vc_column_text]Avec la poursuite des d\u00e9veloppements technologiques, de grands progr\u00e8s ont \u00e9t\u00e9 r\u00e9alis\u00e9s dans les m\u00e9thodes de transplantation capillaire et la transplantation capillaire FUE Safir est l&rsquo;une de ces m\u00e9thodes avanc\u00e9es. La greffe de cheveux FUE Sapphire est une version am\u00e9lior\u00e9e de la greffe de cheveux FUE, qui est la m\u00e9thode de greffe de cheveux FUE la plus fr\u00e9quemment pr\u00e9f\u00e9r\u00e9e et la plus connue, contrairement aux autres m\u00e9thodes. Gr\u00e2ce \u00e0 cette \u00e9volution, la transplantation capillaire FUE Saphir est r\u00e9cemment devenue tr\u00e8s populaire.[\/vc_column_text][\/vc_column][\/vc_row][vc_row lg_spacing=\u00a0\u00bbmargin_bottom:50&Prime; md_spacing=\u00a0\u00bbmargin_bottom:20&Prime; sm_spacing=\u00a0\u00bbmargin_bottom:18&Prime; xs_spacing=\u00a0\u00bbmargin_bottom:20&Prime;][vc_column width=\u00a0\u00bb1\/4&Prime;][tm_image image_size=\u00a0\u00bbcustom\u00a0\u00bb full_wide=\u00a0\u00bb1&Prime; image=\u00a0\u00bb9638&Prime; image_size_width=\u00a0\u00bb400&Prime; image_size_height=\u00a0\u00bb400&Prime;][\/vc_column][vc_column width=\u00a0\u00bb3\/4&Prime;][tm_heading custom_google_font=\u00a0\u00bb\u00a0\u00bb text=\u00a0\u00bbTraitement des cheveux par PRP\u00a0\u00bb][vc_column_text]La m\u00e9thode de traitement capillaire PRP est une m\u00e9thode de restauration capillaire non chirurgicale. La m\u00e9thode PRP n&rsquo;est pas seulement un traitement capillaire, c&rsquo;est aussi une m\u00e9thode de traitement qui est efficace pour de nombreux probl\u00e8mes du corps et qui a un grand effet dans le monde m\u00e9dical. Le traitement capillaire par PRP est l&rsquo;un des derniers d\u00e9veloppements technologiques en mati\u00e8re de restauration non chirurgicale de la perte de cheveux. Il peut \u00e9galement \u00eatre utilis\u00e9 pour les cheveux fins et les cheveux qui ont besoin d&rsquo;\u00eatre renforc\u00e9s.[\/vc_column_text][\/vc_column][\/vc_row][vc_row lg_spacing=\u00a0\u00bbmargin_bottom:50&Prime; md_spacing=\u00a0\u00bbmargin_bottom:20&Prime; sm_spacing=\u00a0\u00bbmargin_bottom:18&Prime; xs_spacing=\u00a0\u00bbmargin_bottom:20&Prime;][vc_column width=\u00a0\u00bb1\/4&Prime;][tm_image image_size=\u00a0\u00bbcustom\u00a0\u00bb full_wide=\u00a0\u00bb1&Prime; image=\u00a0\u00bb9642&Prime; image_size_width=\u00a0\u00bb400&Prime; image_size_height=\u00a0\u00bb400&Prime;][\/vc_column][vc_column width=\u00a0\u00bb3\/4&Prime;][tm_heading custom_google_font=\u00a0\u00bb\u00a0\u00bb text=\u00a0\u00bbM\u00e9soth\u00e9rapie capillaire\u00a0\u00bb][vc_column_text]La m\u00e9soth\u00e9rapie capillaire est une m\u00e9thode de traitement utilis\u00e9e dans le traitement de la calvitie et de la perte de cheveux. En g\u00e9n\u00e9ral, la m\u00e9soth\u00e9rapie capillaire est un m\u00e9lange sp\u00e9cial de min\u00e9raux, d&rsquo;acides amin\u00e9s et de vitamines n\u00e9cessaires aux cheveux, inject\u00e9 dans le cuir chevelu. Gr\u00e2ce \u00e0 la m\u00e9soth\u00e9rapie capillaire, les composants qui nourrissent les follicules pileux s&rsquo;adaptent facilement \u00e0 la structure du cheveu. Les cheveux clairsem\u00e9s deviennent plus \u00e9pais, les cheveux faibles deviennent plus forts, la chute des cheveux est stopp\u00e9e et on obtient une structure capillaire plus lumineuse et plus vivante.[\/vc_column_text][\/vc_column][\/vc_row][vc_row lg_spacing=\u00a0\u00bbmargin_bottom:50&Prime; md_spacing=\u00a0\u00bbmargin_bottom:20&Prime; sm_spacing=\u00a0\u00bbmargin_bottom:18&Prime; xs_spacing=\u00a0\u00bbmargin_bottom:20&Prime;][vc_column width=\u00a0\u00bb1\/4&Prime;][tm_image image_size=\u00a0\u00bbcustom\u00a0\u00bb full_wide=\u00a0\u00bb1&Prime; image=\u00a0\u00bb9646&Prime; image_size_width=\u00a0\u00bb400&Prime; image_size_height=\u00a0\u00bb400&Prime;][\/vc_column][vc_column width=\u00a0\u00bb3\/4&Prime;][tm_heading custom_google_font=\u00a0\u00bb\u00a0\u00bb text=\u00a0\u00bbTRAITEMENT AU LASER DES CHEVEUX\u00a0\u00bb][vc_column_text]En g\u00e9n\u00e9ral, le traitement au laser des cheveux est une m\u00e9thode de traitement utilis\u00e9e par les patients qui ont peur des applications de PRP ou de m\u00e9soth\u00e9rapie. L&rsquo;appareil utilis\u00e9 pour le traitement au laser des cheveux est appliqu\u00e9 \u00e0 l&rsquo;aide de faisceaux de diodes \u00e0 faible dose. Le confort et la commodit\u00e9 du patient sont \u00e9galement pris en consid\u00e9ration pendant le traitement. Le patient peut m\u00eame terminer le traitement en lisant un magazine ou un livre.[\/vc_column_text][\/vc_column][\/vc_row][vc_row][vc_column][tm_spacer size=\u00a0\u00bblg:50&Prime;][\/vc_column][\/vc_row][vc_row background_color=\u00a0\u00bbcustom\u00a0\u00bb lg_spacing=\u00a0\u00bbpadding_top:20;padding_right:20;padding_bottom:20;padding_left:20&Prime; custom_background_color=\u00a0\u00bb#efefef\u00a0\u00bb][vc_column][vc_text_separator title=\u00a0\u00bbComit\u00e9 Web et Publication : Serkan KAYA\u00a0\u00bb][vc_column_text]<\/p>\n<div class=\"content-wrapper\">\n<div id=\"page-content\" class=\"page-content\">\n<div class=\"container\">\n<div class=\"row\">\n<div id=\"page-main-content\" class=\"page-main-content\">\n<article id=\"post-9352\" class=\"post-9352 page type-page status-publish hentry\">\n<section class=\"wpb-content-wrapper\">\n<div id=\"tm-row-68b83d2c3a73f\" class=\"vc_row vc_row-outer vc_row-fluid\">\n<div id=\"tm-column-68b83d2c3aa8a\" class=\"wpb_column vc_column_container vc_col-sm-12\">\n<div class=\"vc_column-inner \">\n<div class=\"wpb_wrapper\">\n<div class=\"wpb_text_column wpb_content_element \">\n<div class=\"wpb_wrapper\">\n<div id=\"tm-row-68b8374910e3e\" class=\"vc_row vc_row-outer vc_row-fluid\">\n<div id=\"tm-column-68b837491111e\" class=\"wpb_column vc_column_container vc_col-sm-12\">\n<div class=\"vc_column-inner \">\n<div class=\"wpb_wrapper\">\n<div class=\"wpb_text_column wpb_content_element \">\n<div class=\"wpb_wrapper\">\n<div id=\"tm-row-68b8374910e3e\" class=\"vc_row vc_row-outer vc_row-fluid\">\n<div id=\"tm-column-68b837491111e\" class=\"wpb_column vc_column_container vc_col-sm-12\">\n<div class=\"vc_column-inner \">\n<div class=\"wpb_wrapper\">\n<div class=\"wpb_text_column wpb_content_element \">\n<div class=\"wpb_wrapper\">\n<p style=\"text-align: center;\"><strong>Date de la derni\u00e8re mise \u00e0 jour\u00a0:<\/strong> 24.10.2025<\/p>\n<\/div>\n<\/div>\n<\/div>\n<\/div>\n<\/div>\n<\/div>\n<\/div>\n<\/div>\n<\/div>\n<\/div>\n<\/div>\n<\/div>\n<\/div>\n<\/div>\n<\/div>\n<\/div>\n<\/div>\n<\/div>\n<\/section>\n<\/article>\n<\/div>\n<\/div>\n<\/div>\n<\/div>\n<\/div>\n<div id=\"page-footer-wrapper\" class=\"page-footer-wrapper footer-01-fr footer-style-01\">\n<div id=\"page-footer\" class=\"page-footer\">\n<div class=\"container\">\n<div class=\"row\">\n<div class=\"col-md-12\">\n<div class=\"page-footer-inner\">\n<section class=\"wpb-content-wrapper\">\n<div id=\"tm-row-68b83d2c3c1e1\" class=\"vc_row vc_row-outer vc_row-fluid\" data-vc-full-width=\"true\" data-vc-full-width-init=\"true\">\n<div id=\"tm-column-68b83d2c3c4e3\" class=\"wpb_column vc_column_container vc_col-sm-12 vc_col-lg-3 vc_col-md-6\">\n<div class=\"vc_column-inner \">\n<div class=\"wpb_wrapper\">\n<div id=\"tm-image-68b83d2c3c78d\" class=\"tm-image\" style=\"text-align: center;\"><\/div>\n<\/div>\n<\/div>\n<\/div>\n<\/div>\n<\/section>\n<\/div>\n<\/div>\n<\/div>\n<\/div>\n<\/div>\n<\/div>\n<p>[\/vc_column_text][\/vc_column][\/vc_row]<\/p>\n<\/section>","protected":false},"excerpt":{"rendered":"<p>[vc_row][vc_column][tm_spacer size=\u00a0\u00bblg:20&Prime;][tm_heading style=\u00a0\u00bbwith-separator-2&Prime; custom_google_font=\u00a0\u00bb\u00a0\u00bb align=\u00a0\u00bbcenter\u00a0\u00bb text=\u00a0\u00bbGreffe de cheveux\u00a0\u00bb][tm_spacer size=\u00a0\u00bblg:20&Prime;][tm_heading tag=\u00a0\u00bbdiv\u00a0\u00bb custom_google_font=\u00a0\u00bb\u00a0\u00bb][tm_spacer size=\u00a0\u00bblg:10&Prime;][\/vc_column][\/vc_row][vc_row lg_spacing=\u00a0\u00bbmargin_bottom:50&Prime; md_spacing=\u00a0\u00bbmargin_bottom:20&Prime; sm_spacing=\u00a0\u00bbmargin_bottom:20&Prime; xs_spacing=\u00a0\u00bbmargin_bottom:20&Prime;][vc_column width=\u00a0\u00bb1\/4&Prime;][tm_image image_size=\u00a0\u00bbcustom\u00a0\u00bb full_wide=\u00a0\u00bb1&Prime; image=\u00a0\u00bb9619&Prime; image_size_width=\u00a0\u00bb400&Prime; image_size_height=\u00a0\u00bb400&Prime;][\/vc_column][vc_column width=\u00a0\u00bb3\/4&Prime;][tm_heading custom_google_font=\u00a0\u00bb\u00a0\u00bb text=\u00a0\u00bbGREFFE DE CHEVEUX DHI\u00a0\u00bb][vc_column_text]La greffe de cheveux DHI est \u00e9galement connue sous le nom de greffe de cheveux directe. La greffe de cheveux DHI est une m\u00e9thode utilis\u00e9e par les personnes qui souffrent d&rsquo;une perte de cheveux et d&rsquo;une calvitie intenses pour retrouver une chevelure saine et naturelle.[\/vc_column_text][\/vc_column][\/vc_row][vc_row lg_spacing=\u00a0\u00bbmargin_bottom:50&Prime; md_spacing=\u00a0\u00bbmargin_bottom:20&Prime; sm_spacing=\u00a0\u00bbmargin_bottom:18&Prime; xs_spacing=\u00a0\u00bbmargin_bottom:20&Prime;][vc_column width=\u00a0\u00bb1\/4&Prime;][tm_image image_size=\u00a0\u00bbcustom\u00a0\u00bb full_wide=\u00a0\u00bb1&Prime; image=\u00a0\u00bb9632&Prime; image_size_width=\u00a0\u00bb400&Prime; image_size_height=\u00a0\u00bb400&Prime;][\/vc_column][vc_column width=\u00a0\u00bb3\/4&Prime;][tm_heading custom_google_font=\u00a0\u00bb\u00a0\u00bb text=\u00a0\u00bbGreffe de cheveux Sapphire FUE\u00a0\u00bb][vc_column_text]Avec la poursuite des d\u00e9veloppements technologiques, de grands progr\u00e8s ont \u00e9t\u00e9 r\u00e9alis\u00e9s dans les m\u00e9thodes de transplantation capillaire et la transplantation capillaire FUE Safir est l&rsquo;une de ces m\u00e9thodes avanc\u00e9es. La greffe de cheveux FUE Sapphire est une version am\u00e9lior\u00e9e de la greffe de cheveux FUE, qui est la m\u00e9thode de greffe de cheveux FUE la plus fr\u00e9quemment pr\u00e9f\u00e9r\u00e9e et la plus connue, contrairement aux autres m\u00e9thodes. Gr\u00e2ce \u00e0 cette \u00e9volution, la transplantation capillaire FUE Saphir est r\u00e9cemment devenue tr\u00e8s populaire.[\/vc_column_text][\/vc_column][\/vc_row][vc_row lg_spacing=\u00a0\u00bbmargin_bottom:50&Prime; md_spacing=\u00a0\u00bbmargin_bottom:20&Prime; sm_spacing=\u00a0\u00bbmargin_bottom:18&Prime; xs_spacing=\u00a0\u00bbmargin_bottom:20&Prime;][vc_column width=\u00a0\u00bb1\/4&Prime;][tm_image image_size=\u00a0\u00bbcustom\u00a0\u00bb full_wide=\u00a0\u00bb1&Prime; image=\u00a0\u00bb9638&Prime; image_size_width=\u00a0\u00bb400&Prime; image_size_height=\u00a0\u00bb400&Prime;][\/vc_column][vc_column width=\u00a0\u00bb3\/4&Prime;][tm_heading custom_google_font=\u00a0\u00bb\u00a0\u00bb text=\u00a0\u00bbTraitement des cheveux par PRP\u00a0\u00bb][vc_column_text]La m\u00e9thode de traitement capillaire PRP est une m\u00e9thode de restauration capillaire non chirurgicale. La m\u00e9thode PRP n&rsquo;est pas seulement un traitement capillaire, c&rsquo;est aussi une m\u00e9thode de traitement qui est efficace pour de nombreux probl\u00e8mes du corps et qui a un grand effet dans le monde m\u00e9dical. Le traitement capillaire par PRP est l&rsquo;un des derniers d\u00e9veloppements technologiques en mati\u00e8re de restauration non chirurgicale de la perte de cheveux. Il peut \u00e9galement \u00eatre utilis\u00e9 pour les cheveux fins et les cheveux qui ont besoin d&rsquo;\u00eatre renforc\u00e9s.[\/vc_column_text][\/vc_column][\/vc_row][vc_row lg_spacing=\u00a0\u00bbmargin_bottom:50&Prime; md_spacing=\u00a0\u00bbmargin_bottom:20&Prime; sm_spacing=\u00a0\u00bbmargin_bottom:18&Prime; xs_spacing=\u00a0\u00bbmargin_bottom:20&Prime;][vc_column width=\u00a0\u00bb1\/4&Prime;][tm_image image_size=\u00a0\u00bbcustom\u00a0\u00bb full_wide=\u00a0\u00bb1&Prime; image=\u00a0\u00bb9642&Prime; image_size_width=\u00a0\u00bb400&Prime; image_size_height=\u00a0\u00bb400&Prime;][\/vc_column][vc_column width=\u00a0\u00bb3\/4&Prime;][tm_heading custom_google_font=\u00a0\u00bb\u00a0\u00bb text=\u00a0\u00bbM\u00e9soth\u00e9rapie capillaire\u00a0\u00bb][vc_column_text]La m\u00e9soth\u00e9rapie capillaire est une m\u00e9thode de traitement utilis\u00e9e dans le traitement de la calvitie et de la perte de cheveux. En g\u00e9n\u00e9ral, la m\u00e9soth\u00e9rapie capillaire est un m\u00e9lange sp\u00e9cial de min\u00e9raux, d&rsquo;acides amin\u00e9s et de vitamines n\u00e9cessaires aux cheveux, inject\u00e9 dans le cuir chevelu. Gr\u00e2ce \u00e0 la m\u00e9soth\u00e9rapie capillaire, les composants qui nourrissent les follicules pileux s&rsquo;adaptent facilement \u00e0 la structure du cheveu. Les cheveux clairsem\u00e9s deviennent plus \u00e9pais, les cheveux faibles deviennent plus forts, la chute des cheveux est stopp\u00e9e et on obtient une structure capillaire plus lumineuse et plus vivante.[\/vc_column_text][\/vc_column][\/vc_row][vc_row lg_spacing=\u00a0\u00bbmargin_bottom:50&Prime; md_spacing=\u00a0\u00bbmargin_bottom:20&Prime; sm_spacing=\u00a0\u00bbmargin_bottom:18&Prime; xs_spacing=\u00a0\u00bbmargin_bottom:20&Prime;][vc_column width=\u00a0\u00bb1\/4&Prime;][tm_image image_size=\u00a0\u00bbcustom\u00a0\u00bb full_wide=\u00a0\u00bb1&Prime; image=\u00a0\u00bb9646&Prime; image_size_width=\u00a0\u00bb400&Prime; image_size_height=\u00a0\u00bb400&Prime;][\/vc_column][vc_column width=\u00a0\u00bb3\/4&Prime;][tm_heading custom_google_font=\u00a0\u00bb\u00a0\u00bb text=\u00a0\u00bbTRAITEMENT AU LASER DES CHEVEUX\u00a0\u00bb][vc_column_text]En g\u00e9n\u00e9ral, le traitement au laser des cheveux est une m\u00e9thode de traitement utilis\u00e9e par les patients qui ont peur des applications de PRP ou de m\u00e9soth\u00e9rapie. L&rsquo;appareil utilis\u00e9 pour le traitement au laser des cheveux est appliqu\u00e9 \u00e0 l&rsquo;aide de faisceaux de diodes \u00e0 faible dose. Le confort et la commodit\u00e9 du patient sont \u00e9galement pris en consid\u00e9ration pendant le traitement. Le patient peut m\u00eame terminer le traitement en lisant un magazine ou un livre.[\/vc_column_text][\/vc_column][\/vc_row][vc_row][vc_column][tm_spacer size=\u00a0\u00bblg:50&Prime;][\/vc_column][\/vc_row][vc_row background_color=\u00a0\u00bbcustom\u00a0\u00bb lg_spacing=\u00a0\u00bbpadding_top:20;padding_right:20;padding_bottom:20;padding_left:20&Prime; custom_background_color=\u00a0\u00bb#efefef\u00a0\u00bb][vc_column][vc_text_separator title=\u00a0\u00bbComit\u00e9 Web et Publication : Serkan KAYA\u00a0\u00bb][vc_column_text] Date de la derni\u00e8re mise \u00e0 jour\u00a0: 24.10.2025 [\/vc_column_text][\/vc_column][\/vc_row]<\/p>\n","protected":false},"author":1,"featured_media":0,"parent":0,"menu_order":0,"comment_status":"closed","ping_status":"closed","template":"","meta":{"footnotes":""},"_links":{"self":[{"href":"https:\/\/veraclinicpoliklinigi.com\/fr\/wp-json\/wp\/v2\/pages\/9365"}],"collection":[{"href":"https:\/\/veraclinicpoliklinigi.com\/fr\/wp-json\/wp\/v2\/pages"}],"about":[{"href":"https:\/\/veraclinicpoliklinigi.com\/fr\/wp-json\/wp\/v2\/types\/page"}],"author":[{"embeddable":true,"href":"https:\/\/veraclinicpoliklinigi.com\/fr\/wp-json\/wp\/v2\/users\/1"}],"replies":[{"embeddable":true,"href":"https:\/\/veraclinicpoliklinigi.com\/fr\/wp-json\/wp\/v2\/comments?post=9365"}],"version-history":[{"count":8,"href":"https:\/\/veraclinicpoliklinigi.com\/fr\/wp-json\/wp\/v2\/pages\/9365\/revisions"}],"predecessor-version":[{"id":9921,"href":"https:\/\/veraclinicpoliklinigi.com\/fr\/wp-json\/wp\/v2\/pages\/9365\/revisions\/9921"}],"wp:attachment":[{"href":"https:\/\/veraclinicpoliklinigi.com\/fr\/wp-json\/wp\/v2\/media?parent=9365"}],"curies":[{"name":"wp","href":"https:\/\/api.w.org\/{rel}","templated":true}]}}