{"id":9370,"date":"2015-07-06T12:06:03","date_gmt":"2015-07-06T09:06:03","guid":{"rendered":"https:\/\/veraclinicpoliklinigi.com\/dis-estetigi\/"},"modified":"2025-10-27T08:52:03","modified_gmt":"2025-10-27T05:52:03","slug":"esthetique-dentaire","status":"publish","type":"page","link":"https:\/\/veraclinicpoliklinigi.com\/fr\/esthetique-dentaire\/","title":{"rendered":"ESTH\u00c9TIQUE DENTAIRE"},"content":{"rendered":"<section class=\"wpb-content-wrapper\"><p>[vc_row][vc_column][tm_spacer size=\u00a0\u00bblg:20&Prime;][tm_heading style=\u00a0\u00bbwith-separator-2&Prime; custom_google_font=\u00a0\u00bb\u00a0\u00bb align=\u00a0\u00bbcenter\u00a0\u00bb text=\u00a0\u00bbESTH\u00c9TIQUE DENTAIRE\u00a0\u00bb][tm_spacer size=\u00a0\u00bblg:20&Prime;][tm_heading tag=\u00a0\u00bbdiv\u00a0\u00bb custom_google_font=\u00a0\u00bb\u00a0\u00bb][tm_spacer size=\u00a0\u00bblg:10&Prime;][\/vc_column][\/vc_row][vc_row lg_spacing=\u00a0\u00bbmargin_bottom:50&Prime; md_spacing=\u00a0\u00bbmargin_bottom:20&Prime; sm_spacing=\u00a0\u00bbmargin_bottom:20&Prime; xs_spacing=\u00a0\u00bbmargin_bottom:20&Prime;][vc_column width=\u00a0\u00bb1\/4&Prime;][tm_image image_size=\u00a0\u00bbcustom\u00a0\u00bb full_wide=\u00a0\u00bb1&Prime; image=\u00a0\u00bb9657&Prime; image_size_width=\u00a0\u00bb400&Prime; image_size_height=\u00a0\u00bb400&Prime;][\/vc_column][vc_column width=\u00a0\u00bb3\/4&Prime;][tm_heading custom_google_font=\u00a0\u00bb\u00a0\u00bb text=\u00a0\u00bbHOLLYWOOD SMILE DESIGN\u00a0\u00bb][vc_column_text]Les couronnes en zirconium vous donneront le sourire dont vous avez toujours r\u00eav\u00e9. Les couronnes en zirconium \/ couronnes compl\u00e8tes sont un choix judicieux pour tout type de restauration avec couronne compl\u00e8te.[\/vc_column_text][\/vc_column][\/vc_row][vc_row lg_spacing=\u00a0\u00bbmargin_bottom:50&Prime; md_spacing=\u00a0\u00bbmargin_bottom:20&Prime; sm_spacing=\u00a0\u00bbmargin_bottom:18&Prime; xs_spacing=\u00a0\u00bbmargin_bottom:20&Prime;][vc_column width=\u00a0\u00bb1\/4&Prime;][tm_image image_size=\u00a0\u00bbcustom\u00a0\u00bb full_wide=\u00a0\u00bb1&Prime; image=\u00a0\u00bb9660&Prime; image_size_width=\u00a0\u00bb400&Prime; image_size_height=\u00a0\u00bb400&Prime;][\/vc_column][vc_column width=\u00a0\u00bb3\/4&Prime;][tm_heading custom_google_font=\u00a0\u00bb\u00a0\u00bb text=\u00a0\u00bbIMPLANTS DENTAIRES\u00a0\u00bb][vc_column_text]Les traitements dentaires par implants sont principalement appliqu\u00e9s aux patients ayant des probl\u00e8mes dentaires n\u00e9glig\u00e9s. En g\u00e9n\u00e9ral, les troubles dentaires sont dus au fait de ne pas se brosser les dents r\u00e9guli\u00e8rement, de reporter les soins dentaires et d&rsquo;ignorer les traitements dentaires.[\/vc_column_text][\/vc_column][\/vc_row][vc_row lg_spacing=\u00a0\u00bbmargin_bottom:50&Prime; md_spacing=\u00a0\u00bbmargin_bottom:20&Prime; sm_spacing=\u00a0\u00bbmargin_bottom:18&Prime; xs_spacing=\u00a0\u00bbmargin_bottom:20&Prime;][vc_column width=\u00a0\u00bb1\/4&Prime;][tm_image image_size=\u00a0\u00bbcustom\u00a0\u00bb full_wide=\u00a0\u00bb1&Prime; image=\u00a0\u00bb9663&Prime; image_size_width=\u00a0\u00bb400&Prime; image_size_height=\u00a0\u00bb400&Prime;][\/vc_column][vc_column width=\u00a0\u00bb3\/4&Prime;][tm_heading custom_google_font=\u00a0\u00bb\u00a0\u00bb text=\u00a0\u00bbREV\u00caTEMENTS STRATIFI\u00c9S EMAX\u00a0\u00bb][vc_column_text]Le traitement de facettes dentaires Emax est l&rsquo;un des types de facettes utilis\u00e9s en dentisterie esth\u00e9tique. Il est connu pour \u00eatre le rev\u00eatement pr\u00e9f\u00e9r\u00e9 des c\u00e9l\u00e9brit\u00e9s. Emax est tr\u00e8s r\u00e9sistant \u00e0 la pression et offre un aspect esth\u00e9tique naturel.[\/vc_column_text][\/vc_column][\/vc_row][vc_row lg_spacing=\u00a0\u00bbmargin_bottom:50&Prime; md_spacing=\u00a0\u00bbmargin_bottom:20&Prime; sm_spacing=\u00a0\u00bbmargin_bottom:18&Prime; xs_spacing=\u00a0\u00bbmargin_bottom:20&Prime;][vc_column width=\u00a0\u00bb1\/4&Prime;][tm_image image_size=\u00a0\u00bbcustom\u00a0\u00bb full_wide=\u00a0\u00bb1&Prime; image=\u00a0\u00bb9666&Prime; image_size_width=\u00a0\u00bb400&Prime; image_size_height=\u00a0\u00bb400&Prime;][\/vc_column][vc_column width=\u00a0\u00bb3\/4&Prime;][tm_heading custom_google_font=\u00a0\u00bb\u00a0\u00bb text=\u00a0\u00bbTRAITEMENT DES CANAUX\u00a0\u00bb][vc_column_text]Le traitement du canal radiculaire est une m\u00e9thode de traitement utilis\u00e9e pour r\u00e9parer et r\u00e9g\u00e9n\u00e9rer les dents cari\u00e9es qui \u00e9voluent vers la perte des dents. Ce traitement comporte plusieurs \u00e9tapes pour restaurer la dent.[\/vc_column_text][\/vc_column][\/vc_row][vc_row lg_spacing=\u00a0\u00bbmargin_bottom:50&Prime; md_spacing=\u00a0\u00bbmargin_bottom:20&Prime; sm_spacing=\u00a0\u00bbmargin_bottom:18&Prime; xs_spacing=\u00a0\u00bbmargin_bottom:20&Prime;][vc_column width=\u00a0\u00bb1\/4&Prime;][tm_image image_size=\u00a0\u00bbcustom\u00a0\u00bb full_wide=\u00a0\u00bb1&Prime; image=\u00a0\u00bb9669&Prime; image_size_width=\u00a0\u00bb400&Prime; image_size_height=\u00a0\u00bb400&Prime;][\/vc_column][vc_column width=\u00a0\u00bb3\/4&Prime;][tm_heading custom_google_font=\u00a0\u00bb\u00a0\u00bb text=\u00a0\u00bbBLANCHIMENT DES DENTS\u00a0\u00bb][vc_column_text]Le blanchiment des dents s&rsquo;applique aux dents assombries par la consommation de th\u00e9, de tabac et de caf\u00e9. Il est possible d&rsquo;\u00e9claircir la couleur des dents jusqu&rsquo;\u00e0 7-8 tons avec les m\u00e9thodes utilis\u00e9es par les dentistes. C&rsquo;est une m\u00e9thode de blanchiment utilis\u00e9e par de nombreux patients aujourd&rsquo;hui.[\/vc_column_text][\/vc_column][\/vc_row][vc_row][vc_column][tm_spacer size=\u00a0\u00bblg:50&Prime;][\/vc_column][\/vc_row][vc_row background_color=\u00a0\u00bbcustom\u00a0\u00bb lg_spacing=\u00a0\u00bbpadding_top:20;padding_right:20;padding_bottom:20;padding_left:20&Prime; custom_background_color=\u00a0\u00bb#efefef\u00a0\u00bb][vc_column][vc_text_separator title=\u00a0\u00bbComit\u00e9 Web et Publication : Serkan KAYA\u00a0\u00bb][vc_column_text]<\/p>\n<div class=\"content-wrapper\">\n<div id=\"page-content\" class=\"page-content\">\n<div class=\"container\">\n<div class=\"row\">\n<div id=\"page-main-content\" class=\"page-main-content\">\n<article id=\"post-9352\" class=\"post-9352 page type-page status-publish hentry\">\n<section class=\"wpb-content-wrapper\">\n<div id=\"tm-row-68b83dea73f6f\" class=\"vc_row vc_row-outer vc_row-fluid\">\n<div id=\"tm-column-68b83dea74276\" class=\"wpb_column vc_column_container vc_col-sm-12\">\n<div class=\"vc_column-inner \">\n<div class=\"wpb_wrapper\">\n<div class=\"wpb_text_column wpb_content_element \">\n<div class=\"wpb_wrapper\">\n<div id=\"tm-row-68b8374910e3e\" class=\"vc_row vc_row-outer vc_row-fluid\">\n<div id=\"tm-column-68b837491111e\" class=\"wpb_column vc_column_container vc_col-sm-12\">\n<div class=\"vc_column-inner \">\n<div class=\"wpb_wrapper\">\n<div class=\"wpb_text_column wpb_content_element \">\n<div class=\"wpb_wrapper\">\n<div id=\"tm-row-68b8374910e3e\" class=\"vc_row vc_row-outer vc_row-fluid\">\n<div id=\"tm-column-68b837491111e\" class=\"wpb_column vc_column_container vc_col-sm-12\">\n<div class=\"vc_column-inner \">\n<div class=\"wpb_wrapper\">\n<div class=\"wpb_text_column wpb_content_element \">\n<div class=\"wpb_wrapper\">\n<p style=\"text-align: center;\"><strong>Date de la derni\u00e8re mise \u00e0 jour\u00a0:<\/strong> 24.10.2025<\/p>\n<\/div>\n<\/div>\n<\/div>\n<\/div>\n<\/div>\n<\/div>\n<\/div>\n<\/div>\n<\/div>\n<\/div>\n<\/div>\n<\/div>\n<\/div>\n<\/div>\n<\/div>\n<\/div>\n<\/div>\n<\/div>\n<\/section>\n<\/article>\n<\/div>\n<\/div>\n<\/div>\n<\/div>\n<\/div>\n<div id=\"page-footer-wrapper\" class=\"page-footer-wrapper footer-01-fr footer-style-01\">\n<div id=\"page-footer\" class=\"page-footer\">\n<div class=\"container\">\n<div class=\"row\">\n<div class=\"col-md-12\">\n<div class=\"page-footer-inner\">\n<section class=\"wpb-content-wrapper\">\n<div id=\"tm-row-68b83dea75976\" class=\"vc_row vc_row-outer vc_row-fluid\" data-vc-full-width=\"true\" data-vc-full-width-init=\"true\">\n<div id=\"tm-column-68b83dea75c82\" class=\"wpb_column vc_column_container vc_col-sm-12 vc_col-lg-3 vc_col-md-6\">\n<div class=\"vc_column-inner \">\n<div class=\"wpb_wrapper\">\n<div id=\"tm-image-68b83dea75ee8\" class=\"tm-image\" style=\"text-align: center;\"><\/div>\n<\/div>\n<\/div>\n<\/div>\n<\/div>\n<\/section>\n<\/div>\n<\/div>\n<\/div>\n<\/div>\n<\/div>\n<\/div>\n<p>[\/vc_column_text][\/vc_column][\/vc_row]<\/p>\n<\/section>","protected":false},"excerpt":{"rendered":"<p>[vc_row][vc_column][tm_spacer size=\u00a0\u00bblg:20&Prime;][tm_heading style=\u00a0\u00bbwith-separator-2&Prime; custom_google_font=\u00a0\u00bb\u00a0\u00bb align=\u00a0\u00bbcenter\u00a0\u00bb text=\u00a0\u00bbESTH\u00c9TIQUE DENTAIRE\u00a0\u00bb][tm_spacer size=\u00a0\u00bblg:20&Prime;][tm_heading tag=\u00a0\u00bbdiv\u00a0\u00bb custom_google_font=\u00a0\u00bb\u00a0\u00bb][tm_spacer size=\u00a0\u00bblg:10&Prime;][\/vc_column][\/vc_row][vc_row lg_spacing=\u00a0\u00bbmargin_bottom:50&Prime; md_spacing=\u00a0\u00bbmargin_bottom:20&Prime; sm_spacing=\u00a0\u00bbmargin_bottom:20&Prime; xs_spacing=\u00a0\u00bbmargin_bottom:20&Prime;][vc_column width=\u00a0\u00bb1\/4&Prime;][tm_image image_size=\u00a0\u00bbcustom\u00a0\u00bb full_wide=\u00a0\u00bb1&Prime; image=\u00a0\u00bb9657&Prime; image_size_width=\u00a0\u00bb400&Prime; image_size_height=\u00a0\u00bb400&Prime;][\/vc_column][vc_column width=\u00a0\u00bb3\/4&Prime;][tm_heading custom_google_font=\u00a0\u00bb\u00a0\u00bb text=\u00a0\u00bbHOLLYWOOD SMILE DESIGN\u00a0\u00bb][vc_column_text]Les couronnes en zirconium vous donneront le sourire dont vous avez toujours r\u00eav\u00e9. Les couronnes en zirconium \/ couronnes compl\u00e8tes sont un choix judicieux pour tout type de restauration avec couronne compl\u00e8te.[\/vc_column_text][\/vc_column][\/vc_row][vc_row lg_spacing=\u00a0\u00bbmargin_bottom:50&Prime; md_spacing=\u00a0\u00bbmargin_bottom:20&Prime; sm_spacing=\u00a0\u00bbmargin_bottom:18&Prime; xs_spacing=\u00a0\u00bbmargin_bottom:20&Prime;][vc_column width=\u00a0\u00bb1\/4&Prime;][tm_image image_size=\u00a0\u00bbcustom\u00a0\u00bb full_wide=\u00a0\u00bb1&Prime; image=\u00a0\u00bb9660&Prime; image_size_width=\u00a0\u00bb400&Prime; image_size_height=\u00a0\u00bb400&Prime;][\/vc_column][vc_column width=\u00a0\u00bb3\/4&Prime;][tm_heading custom_google_font=\u00a0\u00bb\u00a0\u00bb text=\u00a0\u00bbIMPLANTS DENTAIRES\u00a0\u00bb][vc_column_text]Les traitements dentaires par implants sont principalement appliqu\u00e9s aux patients ayant des probl\u00e8mes dentaires n\u00e9glig\u00e9s. En g\u00e9n\u00e9ral, les troubles dentaires sont dus au fait de ne pas se brosser les dents r\u00e9guli\u00e8rement, de reporter les soins dentaires et d&rsquo;ignorer les traitements dentaires.[\/vc_column_text][\/vc_column][\/vc_row][vc_row lg_spacing=\u00a0\u00bbmargin_bottom:50&Prime; md_spacing=\u00a0\u00bbmargin_bottom:20&Prime; sm_spacing=\u00a0\u00bbmargin_bottom:18&Prime; xs_spacing=\u00a0\u00bbmargin_bottom:20&Prime;][vc_column width=\u00a0\u00bb1\/4&Prime;][tm_image image_size=\u00a0\u00bbcustom\u00a0\u00bb full_wide=\u00a0\u00bb1&Prime; image=\u00a0\u00bb9663&Prime; image_size_width=\u00a0\u00bb400&Prime; image_size_height=\u00a0\u00bb400&Prime;][\/vc_column][vc_column width=\u00a0\u00bb3\/4&Prime;][tm_heading custom_google_font=\u00a0\u00bb\u00a0\u00bb text=\u00a0\u00bbREV\u00caTEMENTS STRATIFI\u00c9S EMAX\u00a0\u00bb][vc_column_text]Le traitement de facettes dentaires Emax est l&rsquo;un des types de facettes utilis\u00e9s en dentisterie esth\u00e9tique. Il est connu pour \u00eatre le rev\u00eatement pr\u00e9f\u00e9r\u00e9 des c\u00e9l\u00e9brit\u00e9s. Emax est tr\u00e8s r\u00e9sistant \u00e0 la pression et offre un aspect esth\u00e9tique naturel.[\/vc_column_text][\/vc_column][\/vc_row][vc_row lg_spacing=\u00a0\u00bbmargin_bottom:50&Prime; md_spacing=\u00a0\u00bbmargin_bottom:20&Prime; sm_spacing=\u00a0\u00bbmargin_bottom:18&Prime; xs_spacing=\u00a0\u00bbmargin_bottom:20&Prime;][vc_column width=\u00a0\u00bb1\/4&Prime;][tm_image image_size=\u00a0\u00bbcustom\u00a0\u00bb full_wide=\u00a0\u00bb1&Prime; image=\u00a0\u00bb9666&Prime; image_size_width=\u00a0\u00bb400&Prime; image_size_height=\u00a0\u00bb400&Prime;][\/vc_column][vc_column width=\u00a0\u00bb3\/4&Prime;][tm_heading custom_google_font=\u00a0\u00bb\u00a0\u00bb text=\u00a0\u00bbTRAITEMENT DES CANAUX\u00a0\u00bb][vc_column_text]Le traitement du canal radiculaire est une m\u00e9thode de traitement utilis\u00e9e pour r\u00e9parer et r\u00e9g\u00e9n\u00e9rer les dents cari\u00e9es qui \u00e9voluent vers la perte des dents. Ce traitement comporte plusieurs \u00e9tapes pour restaurer la dent.[\/vc_column_text][\/vc_column][\/vc_row][vc_row lg_spacing=\u00a0\u00bbmargin_bottom:50&Prime; md_spacing=\u00a0\u00bbmargin_bottom:20&Prime; sm_spacing=\u00a0\u00bbmargin_bottom:18&Prime; xs_spacing=\u00a0\u00bbmargin_bottom:20&Prime;][vc_column width=\u00a0\u00bb1\/4&Prime;][tm_image image_size=\u00a0\u00bbcustom\u00a0\u00bb full_wide=\u00a0\u00bb1&Prime; image=\u00a0\u00bb9669&Prime; image_size_width=\u00a0\u00bb400&Prime; image_size_height=\u00a0\u00bb400&Prime;][\/vc_column][vc_column width=\u00a0\u00bb3\/4&Prime;][tm_heading custom_google_font=\u00a0\u00bb\u00a0\u00bb text=\u00a0\u00bbBLANCHIMENT DES DENTS\u00a0\u00bb][vc_column_text]Le blanchiment des dents s&rsquo;applique aux dents assombries par la consommation de th\u00e9, de tabac et de caf\u00e9. Il est possible d&rsquo;\u00e9claircir la couleur des dents jusqu&rsquo;\u00e0 7-8 tons avec les m\u00e9thodes utilis\u00e9es par les dentistes. C&rsquo;est une m\u00e9thode de blanchiment utilis\u00e9e par de nombreux patients aujourd&rsquo;hui.[\/vc_column_text][\/vc_column][\/vc_row][vc_row][vc_column][tm_spacer size=\u00a0\u00bblg:50&Prime;][\/vc_column][\/vc_row][vc_row background_color=\u00a0\u00bbcustom\u00a0\u00bb lg_spacing=\u00a0\u00bbpadding_top:20;padding_right:20;padding_bottom:20;padding_left:20&Prime; custom_background_color=\u00a0\u00bb#efefef\u00a0\u00bb][vc_column][vc_text_separator title=\u00a0\u00bbComit\u00e9 Web et Publication : Serkan KAYA\u00a0\u00bb][vc_column_text] Date de la derni\u00e8re mise \u00e0 jour\u00a0: 24.10.2025 [\/vc_column_text][\/vc_column][\/vc_row]<\/p>\n","protected":false},"author":1,"featured_media":0,"parent":0,"menu_order":0,"comment_status":"closed","ping_status":"closed","template":"","meta":{"footnotes":""},"_links":{"self":[{"href":"https:\/\/veraclinicpoliklinigi.com\/fr\/wp-json\/wp\/v2\/pages\/9370"}],"collection":[{"href":"https:\/\/veraclinicpoliklinigi.com\/fr\/wp-json\/wp\/v2\/pages"}],"about":[{"href":"https:\/\/veraclinicpoliklinigi.com\/fr\/wp-json\/wp\/v2\/types\/page"}],"author":[{"embeddable":true,"href":"https:\/\/veraclinicpoliklinigi.com\/fr\/wp-json\/wp\/v2\/users\/1"}],"replies":[{"embeddable":true,"href":"https:\/\/veraclinicpoliklinigi.com\/fr\/wp-json\/wp\/v2\/comments?post=9370"}],"version-history":[{"count":7,"href":"https:\/\/veraclinicpoliklinigi.com\/fr\/wp-json\/wp\/v2\/pages\/9370\/revisions"}],"predecessor-version":[{"id":9924,"href":"https:\/\/veraclinicpoliklinigi.com\/fr\/wp-json\/wp\/v2\/pages\/9370\/revisions\/9924"}],"wp:attachment":[{"href":"https:\/\/veraclinicpoliklinigi.com\/fr\/wp-json\/wp\/v2\/media?parent=9370"}],"curies":[{"name":"wp","href":"https:\/\/api.w.org\/{rel}","templated":true}]}}