{"id":9374,"date":"2015-07-06T02:14:40","date_gmt":"2015-07-05T23:14:40","guid":{"rendered":"https:\/\/veraclinicpoliklinigi.com\/estetik-cerrahi\/"},"modified":"2025-10-27T08:53:01","modified_gmt":"2025-10-27T05:53:01","slug":"esthetique-medicale","status":"publish","type":"page","link":"https:\/\/veraclinicpoliklinigi.com\/fr\/esthetique-medicale\/","title":{"rendered":"Esth\u00e9tique M\u00e9dicale"},"content":{"rendered":"<section class=\"wpb-content-wrapper\"><p>[vc_row][vc_column][tm_spacer size=\u00a0\u00bblg:20&Prime;][tm_heading style=\u00a0\u00bbwith-separator-2&Prime; custom_google_font=\u00a0\u00bb\u00a0\u00bb align=\u00a0\u00bbcenter\u00a0\u00bb text=\u00a0\u00bbEsth\u00e9tique M\u00e9dicale\u00a0\u00bb][tm_spacer size=\u00a0\u00bblg:20&Prime;][tm_heading tag=\u00a0\u00bbdiv\u00a0\u00bb custom_google_font=\u00a0\u00bb\u00a0\u00bb][tm_spacer size=\u00a0\u00bblg:10&Prime;][\/vc_column][\/vc_row][vc_row lg_spacing=\u00a0\u00bbmargin_bottom:50&Prime; md_spacing=\u00a0\u00bbmargin_bottom:20&Prime; sm_spacing=\u00a0\u00bbmargin_bottom:20&Prime; xs_spacing=\u00a0\u00bbmargin_bottom:20&Prime;][vc_column width=\u00a0\u00bb1\/4&Prime;][tm_image image_size=\u00a0\u00bbcustom\u00a0\u00bb full_wide=\u00a0\u00bb1&Prime; image=\u00a0\u00bb9682&Prime; image_size_width=\u00a0\u00bb400&Prime; image_size_height=\u00a0\u00bb400&Prime;][\/vc_column][vc_column width=\u00a0\u00bb3\/4&Prime;][tm_heading custom_google_font=\u00a0\u00bb\u00a0\u00bb text=\u00a0\u00bbREMPLISSAGE DES L\u00c8VRES\u00a0\u00bb][vc_column_text]Le moyen le plus courant et le plus pratique d&rsquo;avoir des l\u00e8vres plus attrayantes est l&rsquo;application de produits de comblement des l\u00e8vres \u00e0 base d&rsquo;acide hyaluronique. Il est utilis\u00e9 pour l&rsquo;augmentation et le contour des l\u00e8vres, la correction des asym\u00e9tries des l\u00e8vres et des rides.[\/vc_column_text][\/vc_column][\/vc_row][vc_row lg_spacing=\u00a0\u00bbmargin_bottom:50&Prime; md_spacing=\u00a0\u00bbmargin_bottom:20&Prime; sm_spacing=\u00a0\u00bbmargin_bottom:18&Prime; xs_spacing=\u00a0\u00bbmargin_bottom:20&Prime;][vc_column width=\u00a0\u00bb1\/4&Prime;][tm_image image_size=\u00a0\u00bbcustom\u00a0\u00bb full_wide=\u00a0\u00bb1&Prime; image=\u00a0\u00bb9685&Prime; image_size_width=\u00a0\u00bb400&Prime; image_size_height=\u00a0\u00bb400&Prime;][\/vc_column][vc_column width=\u00a0\u00bb3\/4&Prime;][tm_heading custom_google_font=\u00a0\u00bb\u00a0\u00bb text=\u00a0\u00bbREMPLISSAGE DE LA M\u00c2CHOIRE\u00a0\u00bb][vc_column_text]Aujourd&rsquo;hui, l&rsquo;une des applications les plus courantes de la chirurgie esth\u00e9tique est sans aucun doute l&rsquo;application de produits de comblement. Les r\u00e9sultats positifs obtenus en mati\u00e8re de comblement du visage et d&rsquo;esth\u00e9tique des produits de comblement s&rsquo;accompagnent chaque jour de nouvelles applications et de progr\u00e8s dans le domaine de l&rsquo;esth\u00e9tique non chirurgicale.[\/vc_column_text][\/vc_column][\/vc_row][vc_row lg_spacing=\u00a0\u00bbmargin_bottom:50&Prime; md_spacing=\u00a0\u00bbmargin_bottom:20&Prime; sm_spacing=\u00a0\u00bbmargin_bottom:18&Prime; xs_spacing=\u00a0\u00bbmargin_bottom:20&Prime;][vc_column width=\u00a0\u00bb1\/4&Prime;][tm_image image_size=\u00a0\u00bbcustom\u00a0\u00bb full_wide=\u00a0\u00bb1&Prime; image=\u00a0\u00bb9688&Prime; image_size_width=\u00a0\u00bb400&Prime; image_size_height=\u00a0\u00bb400&Prime;][\/vc_column][vc_column width=\u00a0\u00bb3\/4&Prime;][tm_heading custom_google_font=\u00a0\u00bb\u00a0\u00bb text=\u00a0\u00bbSOURIRE DE GOMME\u00a0\u00bb][vc_column_text]Il est trait\u00e9 en r\u00e9duisant la contraction excessive des muscles qui donnent le sourire et la toxine botulique (Botulinum toxin) est pratiquement utilis\u00e9e dans le traitement. L&rsquo;application est compl\u00e9t\u00e9e par 2 \u00e0 5 injections ponctuelles en fonction de l&rsquo;\u00e9tat du probl\u00e8me (la s\u00e9v\u00e9rit\u00e9 de l&rsquo;image du sourire gingival).[\/vc_column_text][\/vc_column][\/vc_row][vc_row lg_spacing=\u00a0\u00bbmargin_bottom:50&Prime; md_spacing=\u00a0\u00bbmargin_bottom:20&Prime; sm_spacing=\u00a0\u00bbmargin_bottom:18&Prime; xs_spacing=\u00a0\u00bbmargin_bottom:20&Prime;][vc_column width=\u00a0\u00bb1\/4&Prime;][tm_image image_size=\u00a0\u00bbcustom\u00a0\u00bb full_wide=\u00a0\u00bb1&Prime; image=\u00a0\u00bb9694&Prime; image_size_width=\u00a0\u00bb400&Prime; image_size_height=\u00a0\u00bb400&Prime;][\/vc_column][vc_column width=\u00a0\u00bb3\/4&Prime;][tm_heading custom_google_font=\u00a0\u00bb\u00a0\u00bb text=\u00a0\u00bbCOMBLEMENT DES FOSSES NASOG\u00c9NIENNES\u00a0\u00bb][vc_column_text]Le sillon nasog\u00e9nien est le nom donn\u00e9 \u00e0 la ligne qui part des ailes des deux c\u00f4t\u00e9s de la zone du nez, \u00e9galement appel\u00e9e ligne du sourire, et qui progresse jusqu&rsquo;aux coins de la bouche. Cette situation affecte n\u00e9gativement les personnes et les oblige \u00e0 s&rsquo;expliquer en raison de leurs expressions faciales.[\/vc_column_text][\/vc_column][\/vc_row][vc_row lg_spacing=\u00a0\u00bbmargin_bottom:50&Prime; md_spacing=\u00a0\u00bbmargin_bottom:20&Prime; sm_spacing=\u00a0\u00bbmargin_bottom:18&Prime; xs_spacing=\u00a0\u00bbmargin_bottom:20&Prime;][vc_column width=\u00a0\u00bb1\/4&Prime;][tm_image image_size=\u00a0\u00bbcustom\u00a0\u00bb full_wide=\u00a0\u00bb1&Prime; image=\u00a0\u00bb9697&Prime; image_size_width=\u00a0\u00bb400&Prime; image_size_height=\u00a0\u00bb400&Prime;][\/vc_column][vc_column width=\u00a0\u00bb3\/4&Prime;][tm_heading custom_google_font=\u00a0\u00bb\u00a0\u00bb text=\u00a0\u00bbREMPLISSAGE DE LA POMMETTE (JOUE)\u00a0\u00bb][vc_column_text]Le \u00ab\u00a0nombre d&rsquo;or\u00a0\u00bb est un guide important dans la relation des r\u00e9gions du visage entre elles. La zone des joues est l&rsquo;une des r\u00e9gions qui jouent un r\u00f4le cl\u00e9 dans l&rsquo;application du \u00ab\u00a0nombre d&rsquo;or\u00a0\u00bb. Le volume id\u00e9al de la zone des joues contribue \u00e0 une ligne de m\u00e2choire nette et donne au visage une forme de \u00ab\u00a0V\u00a0\u00bb.[\/vc_column_text][\/vc_column][\/vc_row][vc_row][vc_column][tm_spacer size=\u00a0\u00bblg:50&Prime;][\/vc_column][\/vc_row][vc_row background_color=\u00a0\u00bbcustom\u00a0\u00bb lg_spacing=\u00a0\u00bbpadding_top:20;padding_right:20;padding_bottom:20;padding_left:20&Prime; custom_background_color=\u00a0\u00bb#efefef\u00a0\u00bb][vc_column][vc_text_separator title=\u00a0\u00bbComit\u00e9 Web et Publication : Serkan KAYA\u00a0\u00bb][vc_column_text]<\/p>\n<div class=\"content-wrapper\">\n<div id=\"page-content\" class=\"page-content\">\n<div class=\"container\">\n<div class=\"row\">\n<div id=\"page-main-content\" class=\"page-main-content\">\n<article id=\"post-9352\" class=\"post-9352 page type-page status-publish hentry\">\n<section class=\"wpb-content-wrapper\">\n<div id=\"tm-row-68b83ea70c701\" class=\"vc_row vc_row-outer vc_row-fluid\">\n<div id=\"tm-column-68b83ea70ca29\" class=\"wpb_column vc_column_container vc_col-sm-12\">\n<div class=\"vc_column-inner \">\n<div class=\"wpb_wrapper\">\n<div class=\"wpb_text_column wpb_content_element \">\n<div class=\"wpb_wrapper\">\n<div id=\"tm-row-68b8374910e3e\" class=\"vc_row vc_row-outer vc_row-fluid\">\n<div id=\"tm-column-68b837491111e\" class=\"wpb_column vc_column_container vc_col-sm-12\">\n<div class=\"vc_column-inner \">\n<div class=\"wpb_wrapper\">\n<div class=\"wpb_text_column wpb_content_element \">\n<div class=\"wpb_wrapper\">\n<div id=\"tm-row-68b8374910e3e\" class=\"vc_row vc_row-outer vc_row-fluid\">\n<div id=\"tm-column-68b837491111e\" class=\"wpb_column vc_column_container vc_col-sm-12\">\n<div class=\"vc_column-inner \">\n<div class=\"wpb_wrapper\">\n<div class=\"wpb_text_column wpb_content_element \">\n<div class=\"wpb_wrapper\">\n<p style=\"text-align: center;\"><strong>Date de la derni\u00e8re mise \u00e0 jour\u00a0:<\/strong> 24.10.2025<\/p>\n<\/div>\n<\/div>\n<\/div>\n<\/div>\n<\/div>\n<\/div>\n<\/div>\n<\/div>\n<\/div>\n<\/div>\n<\/div>\n<\/div>\n<\/div>\n<\/div>\n<\/div>\n<\/div>\n<\/div>\n<\/div>\n<\/section>\n<\/article>\n<\/div>\n<\/div>\n<\/div>\n<\/div>\n<\/div>\n<div id=\"page-footer-wrapper\" class=\"page-footer-wrapper footer-01-fr footer-style-01\">\n<div id=\"page-footer\" class=\"page-footer\">\n<div class=\"container\">\n<div class=\"row\">\n<div class=\"col-md-12\">\n<div class=\"page-footer-inner\">\n<section class=\"wpb-content-wrapper\">\n<div id=\"tm-row-68b83ea70e0ee\" class=\"vc_row vc_row-outer vc_row-fluid\" data-vc-full-width=\"true\" data-vc-full-width-init=\"true\">\n<div id=\"tm-column-68b83ea70e3fe\" class=\"wpb_column vc_column_container vc_col-sm-12 vc_col-lg-3 vc_col-md-6\">\n<div class=\"vc_column-inner \">\n<div class=\"wpb_wrapper\">\n<div id=\"tm-image-68b83ea70e66c\" class=\"tm-image\" style=\"text-align: center;\"><\/div>\n<\/div>\n<\/div>\n<\/div>\n<\/div>\n<\/section>\n<\/div>\n<\/div>\n<\/div>\n<\/div>\n<\/div>\n<\/div>\n<p>[\/vc_column_text][\/vc_column][\/vc_row]<\/p>\n<\/section>","protected":false},"excerpt":{"rendered":"<p>[vc_row][vc_column][tm_spacer size=\u00a0\u00bblg:20&Prime;][tm_heading style=\u00a0\u00bbwith-separator-2&Prime; custom_google_font=\u00a0\u00bb\u00a0\u00bb align=\u00a0\u00bbcenter\u00a0\u00bb text=\u00a0\u00bbEsth\u00e9tique M\u00e9dicale\u00a0\u00bb][tm_spacer size=\u00a0\u00bblg:20&Prime;][tm_heading tag=\u00a0\u00bbdiv\u00a0\u00bb custom_google_font=\u00a0\u00bb\u00a0\u00bb][tm_spacer size=\u00a0\u00bblg:10&Prime;][\/vc_column][\/vc_row][vc_row lg_spacing=\u00a0\u00bbmargin_bottom:50&Prime; md_spacing=\u00a0\u00bbmargin_bottom:20&Prime; sm_spacing=\u00a0\u00bbmargin_bottom:20&Prime; xs_spacing=\u00a0\u00bbmargin_bottom:20&Prime;][vc_column width=\u00a0\u00bb1\/4&Prime;][tm_image image_size=\u00a0\u00bbcustom\u00a0\u00bb full_wide=\u00a0\u00bb1&Prime; image=\u00a0\u00bb9682&Prime; image_size_width=\u00a0\u00bb400&Prime; image_size_height=\u00a0\u00bb400&Prime;][\/vc_column][vc_column width=\u00a0\u00bb3\/4&Prime;][tm_heading custom_google_font=\u00a0\u00bb\u00a0\u00bb text=\u00a0\u00bbREMPLISSAGE DES L\u00c8VRES\u00a0\u00bb][vc_column_text]Le moyen le plus courant et le plus pratique d&rsquo;avoir des l\u00e8vres plus attrayantes est l&rsquo;application de produits de comblement des l\u00e8vres \u00e0 base d&rsquo;acide hyaluronique. Il est utilis\u00e9 pour l&rsquo;augmentation et le contour des l\u00e8vres, la correction des asym\u00e9tries des l\u00e8vres et des rides.[\/vc_column_text][\/vc_column][\/vc_row][vc_row lg_spacing=\u00a0\u00bbmargin_bottom:50&Prime; md_spacing=\u00a0\u00bbmargin_bottom:20&Prime; sm_spacing=\u00a0\u00bbmargin_bottom:18&Prime; xs_spacing=\u00a0\u00bbmargin_bottom:20&Prime;][vc_column width=\u00a0\u00bb1\/4&Prime;][tm_image image_size=\u00a0\u00bbcustom\u00a0\u00bb full_wide=\u00a0\u00bb1&Prime; image=\u00a0\u00bb9685&Prime; image_size_width=\u00a0\u00bb400&Prime; image_size_height=\u00a0\u00bb400&Prime;][\/vc_column][vc_column width=\u00a0\u00bb3\/4&Prime;][tm_heading custom_google_font=\u00a0\u00bb\u00a0\u00bb text=\u00a0\u00bbREMPLISSAGE DE LA M\u00c2CHOIRE\u00a0\u00bb][vc_column_text]Aujourd&rsquo;hui, l&rsquo;une des applications les plus courantes de la chirurgie esth\u00e9tique est sans aucun doute l&rsquo;application de produits de comblement. Les r\u00e9sultats positifs obtenus en mati\u00e8re de comblement du visage et d&rsquo;esth\u00e9tique des produits de comblement s&rsquo;accompagnent chaque jour de nouvelles applications et de progr\u00e8s dans le domaine de l&rsquo;esth\u00e9tique non chirurgicale.[\/vc_column_text][\/vc_column][\/vc_row][vc_row lg_spacing=\u00a0\u00bbmargin_bottom:50&Prime; md_spacing=\u00a0\u00bbmargin_bottom:20&Prime; sm_spacing=\u00a0\u00bbmargin_bottom:18&Prime; xs_spacing=\u00a0\u00bbmargin_bottom:20&Prime;][vc_column width=\u00a0\u00bb1\/4&Prime;][tm_image image_size=\u00a0\u00bbcustom\u00a0\u00bb full_wide=\u00a0\u00bb1&Prime; image=\u00a0\u00bb9688&Prime; image_size_width=\u00a0\u00bb400&Prime; image_size_height=\u00a0\u00bb400&Prime;][\/vc_column][vc_column width=\u00a0\u00bb3\/4&Prime;][tm_heading custom_google_font=\u00a0\u00bb\u00a0\u00bb text=\u00a0\u00bbSOURIRE DE GOMME\u00a0\u00bb][vc_column_text]Il est trait\u00e9 en r\u00e9duisant la contraction excessive des muscles qui donnent le sourire et la toxine botulique (Botulinum toxin) est pratiquement utilis\u00e9e dans le traitement. L&rsquo;application est compl\u00e9t\u00e9e par 2 \u00e0 5 injections ponctuelles en fonction de l&rsquo;\u00e9tat du probl\u00e8me (la s\u00e9v\u00e9rit\u00e9 de l&rsquo;image du sourire gingival).[\/vc_column_text][\/vc_column][\/vc_row][vc_row lg_spacing=\u00a0\u00bbmargin_bottom:50&Prime; md_spacing=\u00a0\u00bbmargin_bottom:20&Prime; sm_spacing=\u00a0\u00bbmargin_bottom:18&Prime; xs_spacing=\u00a0\u00bbmargin_bottom:20&Prime;][vc_column width=\u00a0\u00bb1\/4&Prime;][tm_image image_size=\u00a0\u00bbcustom\u00a0\u00bb full_wide=\u00a0\u00bb1&Prime; image=\u00a0\u00bb9694&Prime; image_size_width=\u00a0\u00bb400&Prime; image_size_height=\u00a0\u00bb400&Prime;][\/vc_column][vc_column width=\u00a0\u00bb3\/4&Prime;][tm_heading custom_google_font=\u00a0\u00bb\u00a0\u00bb text=\u00a0\u00bbCOMBLEMENT DES FOSSES NASOG\u00c9NIENNES\u00a0\u00bb][vc_column_text]Le sillon nasog\u00e9nien est le nom donn\u00e9 \u00e0 la ligne qui part des ailes des deux c\u00f4t\u00e9s de la zone du nez, \u00e9galement appel\u00e9e ligne du sourire, et qui progresse jusqu&rsquo;aux coins de la bouche. Cette situation affecte n\u00e9gativement les personnes et les oblige \u00e0 s&rsquo;expliquer en raison de leurs expressions faciales.[\/vc_column_text][\/vc_column][\/vc_row][vc_row lg_spacing=\u00a0\u00bbmargin_bottom:50&Prime; md_spacing=\u00a0\u00bbmargin_bottom:20&Prime; sm_spacing=\u00a0\u00bbmargin_bottom:18&Prime; xs_spacing=\u00a0\u00bbmargin_bottom:20&Prime;][vc_column width=\u00a0\u00bb1\/4&Prime;][tm_image image_size=\u00a0\u00bbcustom\u00a0\u00bb full_wide=\u00a0\u00bb1&Prime; image=\u00a0\u00bb9697&Prime; image_size_width=\u00a0\u00bb400&Prime; image_size_height=\u00a0\u00bb400&Prime;][\/vc_column][vc_column width=\u00a0\u00bb3\/4&Prime;][tm_heading custom_google_font=\u00a0\u00bb\u00a0\u00bb text=\u00a0\u00bbREMPLISSAGE DE LA POMMETTE (JOUE)\u00a0\u00bb][vc_column_text]Le \u00ab\u00a0nombre d&rsquo;or\u00a0\u00bb est un guide important dans la relation des r\u00e9gions du visage entre elles. La zone des joues est l&rsquo;une des r\u00e9gions qui jouent un r\u00f4le cl\u00e9 dans l&rsquo;application du \u00ab\u00a0nombre d&rsquo;or\u00a0\u00bb. Le volume id\u00e9al de la zone des joues contribue \u00e0 une ligne de m\u00e2choire nette et donne au visage une forme de \u00ab\u00a0V\u00a0\u00bb.[\/vc_column_text][\/vc_column][\/vc_row][vc_row][vc_column][tm_spacer size=\u00a0\u00bblg:50&Prime;][\/vc_column][\/vc_row][vc_row background_color=\u00a0\u00bbcustom\u00a0\u00bb lg_spacing=\u00a0\u00bbpadding_top:20;padding_right:20;padding_bottom:20;padding_left:20&Prime; custom_background_color=\u00a0\u00bb#efefef\u00a0\u00bb][vc_column][vc_text_separator title=\u00a0\u00bbComit\u00e9 Web et Publication : Serkan KAYA\u00a0\u00bb][vc_column_text] Date de la derni\u00e8re mise \u00e0 jour\u00a0: 24.10.2025 [\/vc_column_text][\/vc_column][\/vc_row]<\/p>\n","protected":false},"author":1,"featured_media":0,"parent":0,"menu_order":0,"comment_status":"closed","ping_status":"closed","template":"","meta":{"footnotes":""},"_links":{"self":[{"href":"https:\/\/veraclinicpoliklinigi.com\/fr\/wp-json\/wp\/v2\/pages\/9374"}],"collection":[{"href":"https:\/\/veraclinicpoliklinigi.com\/fr\/wp-json\/wp\/v2\/pages"}],"about":[{"href":"https:\/\/veraclinicpoliklinigi.com\/fr\/wp-json\/wp\/v2\/types\/page"}],"author":[{"embeddable":true,"href":"https:\/\/veraclinicpoliklinigi.com\/fr\/wp-json\/wp\/v2\/users\/1"}],"replies":[{"embeddable":true,"href":"https:\/\/veraclinicpoliklinigi.com\/fr\/wp-json\/wp\/v2\/comments?post=9374"}],"version-history":[{"count":8,"href":"https:\/\/veraclinicpoliklinigi.com\/fr\/wp-json\/wp\/v2\/pages\/9374\/revisions"}],"predecessor-version":[{"id":9927,"href":"https:\/\/veraclinicpoliklinigi.com\/fr\/wp-json\/wp\/v2\/pages\/9374\/revisions\/9927"}],"wp:attachment":[{"href":"https:\/\/veraclinicpoliklinigi.com\/fr\/wp-json\/wp\/v2\/media?parent=9374"}],"curies":[{"name":"wp","href":"https:\/\/api.w.org\/{rel}","templated":true}]}}