{"id":9378,"date":"2020-05-29T16:55:57","date_gmt":"2020-05-29T13:55:57","guid":{"rendered":"https:\/\/veraclinicpoliklinigi.com\/vip-hizmetler\/"},"modified":"2024-04-04T17:49:15","modified_gmt":"2024-04-04T14:49:15","slug":"prestations-vip","status":"publish","type":"page","link":"https:\/\/veraclinicpoliklinigi.com\/fr\/prestations-vip\/","title":{"rendered":"Prestations VIP"},"content":{"rendered":"<section class=\"wpb-content-wrapper\"><p>[vc_row][vc_column][tm_spacer size=\u00a0\u00bblg:50&Prime;][tm_heading style=\u00a0\u00bbwith-separator-2&Prime; custom_google_font=\u00a0\u00bb\u00a0\u00bb align=\u00a0\u00bbcenter\u00a0\u00bb text=\u00a0\u00bbPrestations VIP\u00a0\u00bb][tm_spacer size=\u00a0\u00bblg:50&Prime;][\/vc_column][\/vc_row][vc_row el_class=\u00a0\u00bbcustom-row\u00a0\u00bb][vc_column width=\u00a0\u00bb1\/2&Prime;][tm_image image=\u00a0\u00bb8530&Prime;][\/vc_column][vc_column width=\u00a0\u00bb1\/2&Prime; el_class=\u00a0\u00bbcustom-col\u00a0\u00bb][tm_heading tag=\u00a0\u00bbh4&Prime; custom_google_font=\u00a0\u00bb\u00a0\u00bb text=\u00a0\u00bbService d&rsquo;h\u00e9bergement\u00a0\u00bb][tm_spacer size=\u00a0\u00bblg:10&Prime;][vc_column_text]En tant que centre POLYCLINIQUE VERACLINIQUE PRIV\u00c9E,nous sommes pr\u00eats \u00e0 vous proposer des h\u00f4tels et des possibilit\u00e9s d&rsquo;h\u00e9bergement adapt\u00e9s \u00e0 votre budget et \u00e0 votre demande.[\/vc_column_text][tm_spacer size=\u00a0\u00bblg:10&Prime;][\/vc_column][\/vc_row][vc_row][vc_column][tm_spacer size=\u00a0\u00bblg:50&Prime;][\/vc_column][\/vc_row][vc_row el_class=\u00a0\u00bbcustom-row\u00a0\u00bb][vc_column width=\u00a0\u00bb1\/2&Prime; el_class=\u00a0\u00bbcustom-col\u00a0\u00bb][tm_heading tag=\u00a0\u00bbh4&Prime; custom_google_font=\u00a0\u00bb\u00a0\u00bb text=\u00a0\u00bbService de transfert\u00a0\u00bb][tm_spacer size=\u00a0\u00bblg:10&Prime;][vc_column_text]Nous fournissons tous vos besoins de transport de l&rsquo;a\u00e9roport \u00e0 votre h\u00f4tel et \u00e0 l&rsquo;\u00e9tablissement de sant\u00e9 o\u00f9 vous recevrez un service avec le confort et la confiance d&rsquo;Estevera.[\/vc_column_text][tm_spacer size=\u00a0\u00bblg:10&Prime;][\/vc_column][vc_column width=\u00a0\u00bb1\/2&Prime;][tm_image image=\u00a0\u00bb8531&Prime;][\/vc_column][\/vc_row][vc_row][vc_column][tm_spacer size=\u00a0\u00bblg:50&Prime;][\/vc_column][\/vc_row][vc_row el_class=\u00a0\u00bbcustom-row\u00a0\u00bb][vc_column width=\u00a0\u00bb1\/2&Prime;][tm_image image=\u00a0\u00bb8532&Prime;][\/vc_column][vc_column width=\u00a0\u00bb1\/2&Prime; el_class=\u00a0\u00bbcustom-col\u00a0\u00bb][tm_heading tag=\u00a0\u00bbh4&Prime; custom_google_font=\u00a0\u00bb\u00a0\u00bb text=\u00a0\u00bbBillet d&rsquo;avion\u00a0\u00bb][tm_spacer size=\u00a0\u00bblg:10&Prime;][vc_column_text]Si vous en faites la demande, nous nous occupons de la r\u00e9servation et du suivi de vos billets d&rsquo;avion, en vous assurant un voyage plus confortable.[\/vc_column_text][tm_spacer size=\u00a0\u00bblg:10&Prime;][\/vc_column][\/vc_row][vc_row][vc_column][tm_spacer size=\u00a0\u00bblg:100&Prime;][\/vc_column][\/vc_row]<\/p>\n<\/section>","protected":false},"excerpt":{"rendered":"<p>[vc_row][vc_column][tm_spacer size=\u00a0\u00bblg:50&Prime;][tm_heading style=\u00a0\u00bbwith-separator-2&Prime; custom_google_font=\u00a0\u00bb\u00a0\u00bb align=\u00a0\u00bbcenter\u00a0\u00bb text=\u00a0\u00bbPrestations VIP\u00a0\u00bb][tm_spacer size=\u00a0\u00bblg:50&Prime;][\/vc_column][\/vc_row][vc_row el_class=\u00a0\u00bbcustom-row\u00a0\u00bb][vc_column width=\u00a0\u00bb1\/2&Prime;][tm_image image=\u00a0\u00bb8530&Prime;][\/vc_column][vc_column width=\u00a0\u00bb1\/2&Prime; el_class=\u00a0\u00bbcustom-col\u00a0\u00bb][tm_heading tag=\u00a0\u00bbh4&Prime; custom_google_font=\u00a0\u00bb\u00a0\u00bb text=\u00a0\u00bbService d&rsquo;h\u00e9bergement\u00a0\u00bb][tm_spacer size=\u00a0\u00bblg:10&Prime;][vc_column_text]En tant que centre POLYCLINIQUE VERACLINIQUE PRIV\u00c9E,nous sommes pr\u00eats \u00e0 vous proposer des h\u00f4tels et des possibilit\u00e9s d&rsquo;h\u00e9bergement adapt\u00e9s \u00e0 votre budget et \u00e0 votre demande.[\/vc_column_text][tm_spacer size=\u00a0\u00bblg:10&Prime;][\/vc_column][\/vc_row][vc_row][vc_column][tm_spacer size=\u00a0\u00bblg:50&Prime;][\/vc_column][\/vc_row][vc_row el_class=\u00a0\u00bbcustom-row\u00a0\u00bb][vc_column width=\u00a0\u00bb1\/2&Prime; el_class=\u00a0\u00bbcustom-col\u00a0\u00bb][tm_heading tag=\u00a0\u00bbh4&Prime; custom_google_font=\u00a0\u00bb\u00a0\u00bb text=\u00a0\u00bbService de transfert\u00a0\u00bb][tm_spacer size=\u00a0\u00bblg:10&Prime;][vc_column_text]Nous fournissons tous vos besoins de transport de l&rsquo;a\u00e9roport \u00e0 votre h\u00f4tel et \u00e0 l&rsquo;\u00e9tablissement de sant\u00e9 o\u00f9 vous recevrez un service avec le confort et la confiance d&rsquo;Estevera.[\/vc_column_text][tm_spacer size=\u00a0\u00bblg:10&Prime;][\/vc_column][vc_column width=\u00a0\u00bb1\/2&Prime;][tm_image image=\u00a0\u00bb8531&Prime;][\/vc_column][\/vc_row][vc_row][vc_column][tm_spacer size=\u00a0\u00bblg:50&Prime;][\/vc_column][\/vc_row][vc_row el_class=\u00a0\u00bbcustom-row\u00a0\u00bb][vc_column width=\u00a0\u00bb1\/2&Prime;][tm_image image=\u00a0\u00bb8532&Prime;][\/vc_column][vc_column width=\u00a0\u00bb1\/2&Prime; el_class=\u00a0\u00bbcustom-col\u00a0\u00bb][tm_heading tag=\u00a0\u00bbh4&Prime; custom_google_font=\u00a0\u00bb\u00a0\u00bb text=\u00a0\u00bbBillet d&rsquo;avion\u00a0\u00bb][tm_spacer size=\u00a0\u00bblg:10&Prime;][vc_column_text]Si vous en faites la demande, nous nous occupons de la r\u00e9servation et du suivi de vos billets d&rsquo;avion, en vous assurant un voyage plus confortable.[\/vc_column_text][tm_spacer size=\u00a0\u00bblg:10&Prime;][\/vc_column][\/vc_row][vc_row][vc_column][tm_spacer size=\u00a0\u00bblg:100&Prime;][\/vc_column][\/vc_row]<\/p>\n","protected":false},"author":1,"featured_media":0,"parent":0,"menu_order":0,"comment_status":"closed","ping_status":"closed","template":"","meta":{"footnotes":""},"_links":{"self":[{"href":"https:\/\/veraclinicpoliklinigi.com\/fr\/wp-json\/wp\/v2\/pages\/9378"}],"collection":[{"href":"https:\/\/veraclinicpoliklinigi.com\/fr\/wp-json\/wp\/v2\/pages"}],"about":[{"href":"https:\/\/veraclinicpoliklinigi.com\/fr\/wp-json\/wp\/v2\/types\/page"}],"author":[{"embeddable":true,"href":"https:\/\/veraclinicpoliklinigi.com\/fr\/wp-json\/wp\/v2\/users\/1"}],"replies":[{"embeddable":true,"href":"https:\/\/veraclinicpoliklinigi.com\/fr\/wp-json\/wp\/v2\/comments?post=9378"}],"version-history":[{"count":5,"href":"https:\/\/veraclinicpoliklinigi.com\/fr\/wp-json\/wp\/v2\/pages\/9378\/revisions"}],"predecessor-version":[{"id":9564,"href":"https:\/\/veraclinicpoliklinigi.com\/fr\/wp-json\/wp\/v2\/pages\/9378\/revisions\/9564"}],"wp:attachment":[{"href":"https:\/\/veraclinicpoliklinigi.com\/fr\/wp-json\/wp\/v2\/media?parent=9378"}],"curies":[{"name":"wp","href":"https:\/\/api.w.org\/{rel}","templated":true}]}}