{"id":9382,"date":"2014-03-31T11:10:54","date_gmt":"2014-03-31T08:10:54","guid":{"rendered":"https:\/\/veraclinicpoliklinigi.com\/iletisim\/"},"modified":"2025-09-03T16:38:01","modified_gmt":"2025-09-03T13:38:01","slug":"communication","status":"publish","type":"page","link":"https:\/\/veraclinicpoliklinigi.com\/fr\/communication\/","title":{"rendered":"COMMUNICATION"},"content":{"rendered":"<section class=\"wpb-content-wrapper\"><p>[vc_row lg_spacing=\u00a0\u00bbpadding_top:120;padding_bottom:60&Prime;][vc_column][tm_heading custom_google_font=\u00a0\u00bb\u00a0\u00bb align=\u00a0\u00bbcenter\u00a0\u00bb text=\u00a0\u00bbRemplissez le formulaire et nous vous appellerons !\u00a0\u00bb font_size=\u00a0\u00bblg:36&Prime;][tm_spacer size=\u00a0\u00bblg:20&Prime;][tm_spacer size=\u00a0\u00bblg:40&Prime;][tm_contact_form_7 id=\u00a0\u00bb9407&Prime;][tm_spacer size=\u00a0\u00bblg:40&Prime;][tm_spacer size=\u00a0\u00bblg:60&Prime;][tm_heading tag=\u00a0\u00bbh6&Prime; custom_google_font=\u00a0\u00bb\u00a0\u00bb text=\u00a0\u00bbNum\u00e9ro de t\u00e9l\u00e9phone : +90 (555) 888 81 23&Prime;][tm_heading tag=\u00a0\u00bbh6&Prime; custom_google_font=\u00a0\u00bb\u00a0\u00bb text=\u00a0\u00bbAdresse : Kordonboyu, Turgut Ozal Blv. No : 47, 34860 Kartal\/Istanbul\u00a0\u00bb][tm_spacer size=\u00a0\u00bblg:60&Prime;][vc_raw_html]JTNDaWZyYW1lJTIwc3JjJTNEJTIyaHR0cHMlM0ElMkYlMkZ3d3cuZ29vZ2xlLmNvbSUyRm1hcHMlMkZlbWJlZCUzRnBiJTNEJTIxMW0xNCUyMTFtOCUyMTFtMyUyMTFkOTYzNzUuOTQzMDQyMDU2ODclMjEyZDI5LjAwODQ4MDMlMjEzZDQwLjk4Njk5MzglMjEzbTIlMjExaTEwMjQlMjEyaTc2OCUyMTRmMTMuMSUyMTNtMyUyMTFtMiUyMTFzMHgxNGNhYzY5ZTkyMzY3ZjExJTI1M0EweGM0MzBmNTAxMDc5ZTc5MzYlMjEyc1ZlcmElMjUyMENsaW5pYyUyNTIwLSUyNTIwSGFpciUyNTIwVHJhbnNwbGFudCUyNTIwQ2xpbmljJTI1MjBUdXJrZXklMjE1ZTAlMjEzbTIlMjExc3RyJTIxMnN0ciUyMTR2MTcxMjMyNjk3ODA5MiUyMTVtMiUyMTFzdHIlMjEyc3RyJTIyJTIwd2lkdGglM0QlMjIxMjAwJTIyJTIwaGVpZ2h0JTNEJTIyNDUwJTIyJTIwc3R5bGUlM0QlMjJib3JkZXIlM0EwJTNCJTIyJTIwYWxsb3dmdWxsc2NyZWVuJTNEJTIyJTIyJTIwbG9hZGluZyUzRCUyMmxhenklMjIlMjByZWZlcnJlcnBvbGljeSUzRCUyMm5vLXJlZmVycmVyLXdoZW4tZG93bmdyYWRlJTIyJTNFJTNDJTJGaWZyYW1lJTNF[\/vc_raw_html][\/vc_column][\/vc_row]<\/p>\n<\/section>","protected":false},"excerpt":{"rendered":"<p>[vc_row lg_spacing=\u00a0\u00bbpadding_top:120;padding_bottom:60&Prime;][vc_column][tm_heading custom_google_font=\u00a0\u00bb\u00a0\u00bb align=\u00a0\u00bbcenter\u00a0\u00bb text=\u00a0\u00bbRemplissez le formulaire et nous vous appellerons !\u00a0\u00bb font_size=\u00a0\u00bblg:36&Prime;][tm_spacer size=\u00a0\u00bblg:20&Prime;][tm_spacer size=\u00a0\u00bblg:40&Prime;][tm_contact_form_7 id=\u00a0\u00bb9407&Prime;][tm_spacer size=\u00a0\u00bblg:40&Prime;][tm_spacer size=\u00a0\u00bblg:60&Prime;][tm_heading tag=\u00a0\u00bbh6&Prime; custom_google_font=\u00a0\u00bb\u00a0\u00bb text=\u00a0\u00bbNum\u00e9ro de t\u00e9l\u00e9phone : +90 (555) 888 81 23&Prime;][tm_heading tag=\u00a0\u00bbh6&Prime; custom_google_font=\u00a0\u00bb\u00a0\u00bb text=\u00a0\u00bbAdresse : Kordonboyu, Turgut Ozal Blv. No : 47, 34860 Kartal\/Istanbul\u00a0\u00bb][tm_spacer size=\u00a0\u00bblg:60&Prime;][vc_raw_html]JTNDaWZyYW1lJTIwc3JjJTNEJTIyaHR0cHMlM0ElMkYlMkZ3d3cuZ29vZ2xlLmNvbSUyRm1hcHMlMkZlbWJlZCUzRnBiJTNEJTIxMW0xNCUyMTFtOCUyMTFtMyUyMTFkOTYzNzUuOTQzMDQyMDU2ODclMjEyZDI5LjAwODQ4MDMlMjEzZDQwLjk4Njk5MzglMjEzbTIlMjExaTEwMjQlMjEyaTc2OCUyMTRmMTMuMSUyMTNtMyUyMTFtMiUyMTFzMHgxNGNhYzY5ZTkyMzY3ZjExJTI1M0EweGM0MzBmNTAxMDc5ZTc5MzYlMjEyc1ZlcmElMjUyMENsaW5pYyUyNTIwLSUyNTIwSGFpciUyNTIwVHJhbnNwbGFudCUyNTIwQ2xpbmljJTI1MjBUdXJrZXklMjE1ZTAlMjEzbTIlMjExc3RyJTIxMnN0ciUyMTR2MTcxMjMyNjk3ODA5MiUyMTVtMiUyMTFzdHIlMjEyc3RyJTIyJTIwd2lkdGglM0QlMjIxMjAwJTIyJTIwaGVpZ2h0JTNEJTIyNDUwJTIyJTIwc3R5bGUlM0QlMjJib3JkZXIlM0EwJTNCJTIyJTIwYWxsb3dmdWxsc2NyZWVuJTNEJTIyJTIyJTIwbG9hZGluZyUzRCUyMmxhenklMjIlMjByZWZlcnJlcnBvbGljeSUzRCUyMm5vLXJlZmVycmVyLXdoZW4tZG93bmdyYWRlJTIyJTNFJTNDJTJGaWZyYW1lJTNF[\/vc_raw_html][\/vc_column][\/vc_row]<\/p>\n","protected":false},"author":1,"featured_media":0,"parent":0,"menu_order":0,"comment_status":"closed","ping_status":"closed","template":"","meta":{"footnotes":""},"_links":{"self":[{"href":"https:\/\/veraclinicpoliklinigi.com\/fr\/wp-json\/wp\/v2\/pages\/9382"}],"collection":[{"href":"https:\/\/veraclinicpoliklinigi.com\/fr\/wp-json\/wp\/v2\/pages"}],"about":[{"href":"https:\/\/veraclinicpoliklinigi.com\/fr\/wp-json\/wp\/v2\/types\/page"}],"author":[{"embeddable":true,"href":"https:\/\/veraclinicpoliklinigi.com\/fr\/wp-json\/wp\/v2\/users\/1"}],"replies":[{"embeddable":true,"href":"https:\/\/veraclinicpoliklinigi.com\/fr\/wp-json\/wp\/v2\/comments?post=9382"}],"version-history":[{"count":7,"href":"https:\/\/veraclinicpoliklinigi.com\/fr\/wp-json\/wp\/v2\/pages\/9382\/revisions"}],"predecessor-version":[{"id":9867,"href":"https:\/\/veraclinicpoliklinigi.com\/fr\/wp-json\/wp\/v2\/pages\/9382\/revisions\/9867"}],"wp:attachment":[{"href":"https:\/\/veraclinicpoliklinigi.com\/fr\/wp-json\/wp\/v2\/media?parent=9382"}],"curies":[{"name":"wp","href":"https:\/\/api.w.org\/{rel}","templated":true}]}}